{"id":46287,"date":"2021-10-27T11:39:23","date_gmt":"2021-10-27T11:39:23","guid":{"rendered":"https:\/\/www.pancho.si\/?post_type=product&#038;p=46287"},"modified":"2023-10-12T08:48:35","modified_gmt":"2023-10-12T08:48:35","slug":"povodec-roza-afrika","status":"publish","type":"product","link":"https:\/\/www.pancho.si\/en\/product\/povodec-roza-afrika\/","title":{"rendered":"PINK AFRICA LEASH"},"content":{"rendered":"<div data-elementor-type=\"product-post\" data-elementor-id=\"46287\" class=\"elementor elementor-46287\">\n\t\t\t\t\t\t\t\t\t<section class=\"elementor-section elementor-top-section elementor-element elementor-element-5375074f elementor-section-full_width elementor-section-stretched elementor-section-height-default elementor-section-height-default\" data-id=\"5375074f\" data-element_type=\"section\" data-settings=\"{&quot;stretch_section&quot;:&quot;section-stretched&quot;}\">\n\t\t\t\t\t\t<div class=\"elementor-container elementor-column-gap-default\">\n\t\t\t\t\t<div class=\"elementor-column elementor-col-100 elementor-top-column elementor-element elementor-element-6c43322a\" data-id=\"6c43322a\" data-element_type=\"column\">\n\t\t\t<div class=\"elementor-widget-wrap elementor-element-populated\">\n\t\t\t\t\t\t\t\t<div class=\"elementor-element elementor-element-749f557e elementor-widget elementor-widget-heading\" data-id=\"749f557e\" data-element_type=\"widget\" data-widget_type=\"heading.default\">\n\t\t\t\t<div class=\"elementor-widget-container\">\n\t\t\t<style>\/*! elementor - v3.15.0 - 02-08-2023 *\/\n.elementor-heading-title{padding:0;margin:0;line-height:1}.elementor-widget-heading .elementor-heading-title[class*=elementor-size-]>a{color:inherit;font-size:inherit;line-height:inherit}.elementor-widget-heading .elementor-heading-title.elementor-size-small{font-size:15px}.elementor-widget-heading .elementor-heading-title.elementor-size-medium{font-size:19px}.elementor-widget-heading .elementor-heading-title.elementor-size-large{font-size:29px}.elementor-widget-heading .elementor-heading-title.elementor-size-xl{font-size:39px}.elementor-widget-heading .elementor-heading-title.elementor-size-xxl{font-size:59px}<\/style><h2 class=\"elementor-heading-title elementor-size-default\">FOR DOGS WITH CHARACTER <\/h2>\t\t<\/div>\n\t\t\t\t<\/div>\n\t\t\t\t<div class=\"elementor-element elementor-element-30a12d70 elementor-widget elementor-widget-text-editor\" data-id=\"30a12d70\" data-element_type=\"widget\" data-widget_type=\"text-editor.default\">\n\t\t\t\t<div class=\"elementor-widget-container\">\n\t\t\t<style>\/*! elementor - v3.15.0 - 02-08-2023 *\/\n.elementor-widget-text-editor.elementor-drop-cap-view-stacked .elementor-drop-cap{background-color:#69727d;color:#fff}.elementor-widget-text-editor.elementor-drop-cap-view-framed .elementor-drop-cap{color:#69727d;border:3px solid;background-color:transparent}.elementor-widget-text-editor:not(.elementor-drop-cap-view-default) .elementor-drop-cap{margin-top:8px}.elementor-widget-text-editor:not(.elementor-drop-cap-view-default) .elementor-drop-cap-letter{width:1em;height:1em}.elementor-widget-text-editor .elementor-drop-cap{float:left;text-align:center;line-height:1;font-size:50px}.elementor-widget-text-editor .elementor-drop-cap-letter{display:inline-block}<\/style>\t\t\t\t<p>The Pink Africa Leash is made of soft and durable polyester. The leash will make the walk safe and comfortable for your puppy.<\/p><p>Length: 150 cm<\/p>\t\t\t\t\t\t<\/div>\n\t\t\t\t<\/div>\n\t\t\t\t<div class=\"elementor-element elementor-element-14c80cc5 elementor-icon-list--layout-inline elementor-align-center elementor-mobile-align-left elementor-list-item-link-full_width elementor-widget elementor-widget-icon-list\" data-id=\"14c80cc5\" data-element_type=\"widget\" data-widget_type=\"icon-list.default\">\n\t\t\t\t<div class=\"elementor-widget-container\">\n\t\t\t<link rel=\"stylesheet\" href=\"https:\/\/www.pancho.si\/wp-content\/plugins\/elementor\/assets\/css\/widget-icon-list.min.css\">\t\t<ul class=\"elementor-icon-list-items elementor-inline-items\">\n\t\t\t\t\t\t\t<li class=\"elementor-icon-list-item elementor-inline-item\">\n\t\t\t\t\t\t\t\t\t\t\t<span class=\"elementor-icon-list-icon\">\n\t\t\t\t\t\t\t<i aria-hidden=\"true\" class=\"fas fa-paw\"><\/i>\t\t\t\t\t\t<\/span>\n\t\t\t\t\t\t\t\t\t\t<span class=\"elementor-icon-list-text\">unique pattern<\/span>\n\t\t\t\t\t\t\t\t\t<\/li>\n\t\t\t\t\t\t\t\t<li class=\"elementor-icon-list-item elementor-inline-item\">\n\t\t\t\t\t\t\t\t\t\t\t<span class=\"elementor-icon-list-icon\">\n\t\t\t\t\t\t\t<i aria-hidden=\"true\" class=\"fas fa-paw\"><\/i>\t\t\t\t\t\t<\/span>\n\t\t\t\t\t\t\t\t\t\t<span class=\"elementor-icon-list-text\">leash attaching ring<\/span>\n\t\t\t\t\t\t\t\t\t<\/li>\n\t\t\t\t\t\t<\/ul>\n\t\t\t\t<\/div>\n\t\t\t\t<\/div>\n\t\t\t\t<div class=\"elementor-element elementor-element-3d74c76c elementor-widget elementor-widget-heading\" data-id=\"3d74c76c\" data-element_type=\"widget\" id=\"size\" data-widget_type=\"heading.default\">\n\t\t\t\t<div class=\"elementor-widget-container\">\n\t\t\t<h2 class=\"elementor-heading-title elementor-size-default\">SIZE CHART<\/h2>\t\t<\/div>\n\t\t\t\t<\/div>\n\t\t\t\t<div class=\"elementor-element elementor-element-3c323c6e elementor-widget elementor-widget-image\" data-id=\"3c323c6e\" data-element_type=\"widget\" data-widget_type=\"image.default\">\n\t\t\t\t<div class=\"elementor-widget-container\">\n\t\t\t<style>\/*! elementor - v3.15.0 - 02-08-2023 *\/\n.elementor-widget-image{text-align:center}.elementor-widget-image a{display:inline-block}.elementor-widget-image a img[src$=\".svg\"]{width:48px}.elementor-widget-image img{vertical-align:middle;display:inline-block}<\/style>\t\t\t\t\t\t\t\t\t\t\t\t<img decoding=\"async\" width=\"455\" height=\"226\" src=\"https:\/\/www.pancho.si\/wp-content\/uploads\/2021\/10\/tabela-velikosti-povodci-hr-e1635506502763.jpg\" class=\"attachment-large size-large wp-image-46445\" alt=\"\" srcset=\"https:\/\/www.pancho.si\/wp-content\/uploads\/2021\/10\/tabela-velikosti-povodci-hr-e1635506502763.jpg 455w,  https:\/\/www.pancho.si\/wp-content\/uploads\/2021\/10\/tabela-velikosti-povodci-hr-e1635506502763-300x149.jpg 300w,  https:\/\/www.pancho.si\/wp-content\/uploads\/2021\/10\/tabela-velikosti-povodci-hr-e1635506502763-18x9.jpg 18w\" sizes=\"(max-width: 455px) 100vw, 455px\" \/>\t\t\t\t\t\t\t\t\t\t\t\t\t\t\t<\/div>\n\t\t\t\t<\/div>\n\t\t\t\t\t<\/div>\n\t\t<\/div>\n\t\t\t\t\t\t\t<\/div>\n\t\t<\/section>\n\t\t\t\t\t\t\t<\/div>","protected":false},"excerpt":{"rendered":"<p>The Pink Africa Leash is made of soft and durable polyester. The leash will make the walk safe and comfortable for your puppy.<\/p>\n<p>Length: 150 cm<\/p>\n<p>&nbsp;<\/p>\n<table border=\"0\" cellspacing=\"0\" cellpadding=\"0\" align=\"center\">\n<tbody>\n<tr>\n<td><strong><img decoding=\"async\" src=\"https:\/\/www.pancho.si\/wp-content\/uploads\/2021\/09\/tacka-1.png\" alt=\"\" width=\"20\" height=\"20\" \/><\/strong><\/td>\n<td><strong>\u00a0 unique pattern<\/strong><\/td>\n<\/tr>\n<tr>\n<td><strong><img decoding=\"async\" src=\"https:\/\/www.pancho.si\/wp-content\/uploads\/2021\/09\/tacka-1.png\" alt=\"\" width=\"20\" height=\"20\" \/><\/strong><\/td>\n<td><strong>\u00a0 leash attaching ring<\/strong><\/td>\n<\/tr>\n<\/tbody>\n<\/table>","protected":false},"featured_media":46288,"comment_status":"open","ping_status":"closed","template":"","meta":{"inline_featured_image":false},"product_cat":[312,265],"product_tag":[325],"class_list":["post-46287","product","type-product","status-publish","has-post-thumbnail","hentry","product_cat-povodci","product_cat-vsi-izdelki","product_tag-povodec-roza-afrika"],"yoast_head":"<!-- This site is optimized with the Yoast SEO plugin v20.12 - https:\/\/yoast.com\/wordpress\/plugins\/seo\/ -->\n<title>POVODEC ROZA AFRIKA - Pancho<\/title>\n<meta name=\"robots\" content=\"index, follow, max-snippet:-1, max-image-preview:large, max-video-preview:-1\" \/>\n<link rel=\"canonical\" href=\"https:\/\/www.pancho.si\/en\/product\/povodec-roza-afrika\/\" \/>\n<meta property=\"og:locale\" content=\"en_US\" \/>\n<meta property=\"og:type\" content=\"article\" \/>\n<meta property=\"og:title\" content=\"POVODEC ROZA AFRIKA - Pancho\" \/>\n<meta property=\"og:description\" content=\"Povodec Roza Afrika je narejen iz mehkega in obstojnega poliestra. Povodec bo poskrbel, da bo sprehod za va\u0161ega ku\u017eka varen in udoben.  Dol\u017eina: 150 cm  &nbsp;     \u00a0 unikaten vzorec    \u00a0 rinka za pripenjanje povodca\" \/>\n<meta property=\"og:url\" content=\"https:\/\/www.pancho.si\/en\/product\/povodec-roza-afrika\/\" \/>\n<meta property=\"og:site_name\" content=\"Pancho\" \/>\n<meta property=\"article:publisher\" content=\"https:\/\/www.facebook.com\/Pancho.trgovina\/\" \/>\n<meta property=\"article:modified_time\" content=\"2023-10-12T08:48:35+00:00\" \/>\n<meta property=\"og:image\" content=\"https:\/\/www.pancho.si\/wp-content\/uploads\/2021\/10\/roza_afrika_1.jpg\" \/>\n\t<meta property=\"og:image:width\" content=\"1200\" \/>\n\t<meta property=\"og:image:height\" content=\"1200\" \/>\n\t<meta property=\"og:image:type\" content=\"image\/jpeg\" \/>\n<meta name=\"twitter:card\" content=\"summary_large_image\" \/>\n<meta name=\"twitter:label1\" content=\"Est. reading time\" \/>\n\t<meta name=\"twitter:data1\" content=\"1 minute\" \/>\n<script type=\"application\/ld+json\" class=\"yoast-schema-graph\">{\"@context\":\"https:\/\/schema.org\",\"@graph\":[{\"@type\":\"WebPage\",\"@id\":\"https:\/\/www.pancho.si\/izdelek\/povodec-roza-afrika\/\",\"url\":\"https:\/\/www.pancho.si\/izdelek\/povodec-roza-afrika\/\",\"name\":\"POVODEC ROZA AFRIKA - Pancho\",\"isPartOf\":{\"@id\":\"https:\/\/www.pancho.si\/#website\"},\"datePublished\":\"2021-10-27T11:39:23+00:00\",\"dateModified\":\"2023-10-12T08:48:35+00:00\",\"breadcrumb\":{\"@id\":\"https:\/\/www.pancho.si\/izdelek\/povodec-roza-afrika\/#breadcrumb\"},\"inLanguage\":\"en-US\",\"potentialAction\":[{\"@type\":\"ReadAction\",\"target\":[\"https:\/\/www.pancho.si\/izdelek\/povodec-roza-afrika\/\"]}]},{\"@type\":\"BreadcrumbList\",\"@id\":\"https:\/\/www.pancho.si\/izdelek\/povodec-roza-afrika\/#breadcrumb\",\"itemListElement\":[{\"@type\":\"ListItem\",\"position\":1,\"name\":\"Domov\",\"item\":\"https:\/\/www.pancho.si\/\"},{\"@type\":\"ListItem\",\"position\":2,\"name\":\"Trgovina\",\"item\":\"https:\/\/www.pancho.si\/en\/trgovina-2\/\"},{\"@type\":\"ListItem\",\"position\":3,\"name\":\"POVODEC ROZA AFRIKA\"}]},{\"@type\":\"WebSite\",\"@id\":\"https:\/\/www.pancho.si\/#website\",\"url\":\"https:\/\/www.pancho.si\/\",\"name\":\"Pancho\",\"description\":\"Pancho\",\"publisher\":{\"@id\":\"https:\/\/www.pancho.si\/#organization\"},\"potentialAction\":[{\"@type\":\"SearchAction\",\"target\":{\"@type\":\"EntryPoint\",\"urlTemplate\":\"https:\/\/www.pancho.si\/?s={search_term_string}\"},\"query-input\":\"required name=search_term_string\"}],\"inLanguage\":\"en-US\"},{\"@type\":\"Organization\",\"@id\":\"https:\/\/www.pancho.si\/#organization\",\"name\":\"Pancho\",\"url\":\"https:\/\/www.pancho.si\/\",\"logo\":{\"@type\":\"ImageObject\",\"inLanguage\":\"en-US\",\"@id\":\"https:\/\/www.pancho.si\/#\/schema\/logo\/image\/\",\"url\":\"https:\/\/www.pancho.si\/wp-content\/uploads\/2021\/05\/Untitled_design_40_x100.png\",\"contentUrl\":\"https:\/\/www.pancho.si\/wp-content\/uploads\/2021\/05\/Untitled_design_40_x100.png\",\"width\":100,\"height\":100,\"caption\":\"Pancho\"},\"image\":{\"@id\":\"https:\/\/www.pancho.si\/#\/schema\/logo\/image\/\"},\"sameAs\":[\"https:\/\/www.facebook.com\/Pancho.trgovina\/\",\"https:\/\/www.instagram.com\/pancho.si\/\",\"https:\/\/www.pinterest.com\/PanchoSi\/\"]}]}<\/script>\n<!-- \/ Yoast SEO plugin. -->","yoast_head_json":{"title":"POVODEC ROZA AFRIKA - Pancho","robots":{"index":"index","follow":"follow","max-snippet":"max-snippet:-1","max-image-preview":"max-image-preview:large","max-video-preview":"max-video-preview:-1"},"canonical":"https:\/\/www.pancho.si\/en\/product\/povodec-roza-afrika\/","og_locale":"en_US","og_type":"article","og_title":"POVODEC ROZA AFRIKA - Pancho","og_description":"Povodec Roza Afrika je narejen iz mehkega in obstojnega poliestra. Povodec bo poskrbel, da bo sprehod za va\u0161ega ku\u017eka varen in udoben.  Dol\u017eina: 150 cm  &nbsp;     \u00a0 unikaten vzorec    \u00a0 rinka za pripenjanje povodca","og_url":"https:\/\/www.pancho.si\/en\/product\/povodec-roza-afrika\/","og_site_name":"Pancho","article_publisher":"https:\/\/www.facebook.com\/Pancho.trgovina\/","article_modified_time":"2023-10-12T08:48:35+00:00","og_image":[{"width":1200,"height":1200,"url":"https:\/\/www.pancho.si\/wp-content\/uploads\/2021\/10\/roza_afrika_1.jpg","type":"image\/jpeg"}],"twitter_card":"summary_large_image","twitter_misc":{"Est. reading time":"1 minute"},"schema":{"@context":"https:\/\/schema.org","@graph":[{"@type":"WebPage","@id":"https:\/\/www.pancho.si\/izdelek\/povodec-roza-afrika\/","url":"https:\/\/www.pancho.si\/izdelek\/povodec-roza-afrika\/","name":"POVODEC ROZA AFRIKA - Pancho","isPartOf":{"@id":"https:\/\/www.pancho.si\/#website"},"datePublished":"2021-10-27T11:39:23+00:00","dateModified":"2023-10-12T08:48:35+00:00","breadcrumb":{"@id":"https:\/\/www.pancho.si\/izdelek\/povodec-roza-afrika\/#breadcrumb"},"inLanguage":"en-US","potentialAction":[{"@type":"ReadAction","target":["https:\/\/www.pancho.si\/izdelek\/povodec-roza-afrika\/"]}]},{"@type":"BreadcrumbList","@id":"https:\/\/www.pancho.si\/izdelek\/povodec-roza-afrika\/#breadcrumb","itemListElement":[{"@type":"ListItem","position":1,"name":"Domov","item":"https:\/\/www.pancho.si\/"},{"@type":"ListItem","position":2,"name":"Trgovina","item":"https:\/\/www.pancho.si\/en\/trgovina-2\/"},{"@type":"ListItem","position":3,"name":"POVODEC ROZA AFRIKA"}]},{"@type":"WebSite","@id":"https:\/\/www.pancho.si\/#website","url":"https:\/\/www.pancho.si\/","name":"Pancho","description":"Pancho","publisher":{"@id":"https:\/\/www.pancho.si\/#organization"},"potentialAction":[{"@type":"SearchAction","target":{"@type":"EntryPoint","urlTemplate":"https:\/\/www.pancho.si\/?s={search_term_string}"},"query-input":"required name=search_term_string"}],"inLanguage":"en-US"},{"@type":"Organization","@id":"https:\/\/www.pancho.si\/#organization","name":"Pancho","url":"https:\/\/www.pancho.si\/","logo":{"@type":"ImageObject","inLanguage":"en-US","@id":"https:\/\/www.pancho.si\/#\/schema\/logo\/image\/","url":"https:\/\/www.pancho.si\/wp-content\/uploads\/2021\/05\/Untitled_design_40_x100.png","contentUrl":"https:\/\/www.pancho.si\/wp-content\/uploads\/2021\/05\/Untitled_design_40_x100.png","width":100,"height":100,"caption":"Pancho"},"image":{"@id":"https:\/\/www.pancho.si\/#\/schema\/logo\/image\/"},"sameAs":["https:\/\/www.facebook.com\/Pancho.trgovina\/","https:\/\/www.instagram.com\/pancho.si\/","https:\/\/www.pinterest.com\/PanchoSi\/"]}]}},"_links":{"self":[{"href":"https:\/\/www.pancho.si\/en\/wp-json\/wp\/v2\/product\/46287","targetHints":{"allow":["GET"]}}],"collection":[{"href":"https:\/\/www.pancho.si\/en\/wp-json\/wp\/v2\/product"}],"about":[{"href":"https:\/\/www.pancho.si\/en\/wp-json\/wp\/v2\/types\/product"}],"replies":[{"embeddable":true,"href":"https:\/\/www.pancho.si\/en\/wp-json\/wp\/v2\/comments?post=46287"}],"version-history":[{"count":11,"href":"https:\/\/www.pancho.si\/en\/wp-json\/wp\/v2\/product\/46287\/revisions"}],"predecessor-version":[{"id":47113,"href":"https:\/\/www.pancho.si\/en\/wp-json\/wp\/v2\/product\/46287\/revisions\/47113"}],"wp:featuredmedia":[{"embeddable":true,"href":"https:\/\/www.pancho.si\/en\/wp-json\/wp\/v2\/media\/46288"}],"wp:attachment":[{"href":"https:\/\/www.pancho.si\/en\/wp-json\/wp\/v2\/media?parent=46287"}],"wp:term":[{"taxonomy":"product_cat","embeddable":true,"href":"https:\/\/www.pancho.si\/en\/wp-json\/wp\/v2\/product_cat?post=46287"},{"taxonomy":"product_tag","embeddable":true,"href":"https:\/\/www.pancho.si\/en\/wp-json\/wp\/v2\/product_tag?post=46287"}],"curies":[{"name":"wp","href":"https:\/\/api.w.org\/{rel}","templated":true}]}}