{"id":46604,"date":"2021-11-16T14:22:36","date_gmt":"2021-11-16T14:22:36","guid":{"rendered":"https:\/\/www.pancho.si\/?post_type=product&#038;p=46604"},"modified":"2024-12-10T11:16:10","modified_gmt":"2024-12-10T11:16:10","slug":"zimski-plascek-za-psa-vipet-dirkac","status":"publish","type":"product","link":"https:\/\/www.pancho.si\/en\/product\/zimski-plascek-za-psa-vipet-dirkac\/","title":{"rendered":"WHIPPET RACER WINTER COAT FOR DOG"},"content":{"rendered":"<div data-elementor-type=\"product-post\" data-elementor-id=\"46604\" class=\"elementor elementor-46604\">\n\t\t\t\t\t\t\t\t\t<section class=\"elementor-section elementor-top-section elementor-element elementor-element-73ef5d03 elementor-section-full_width elementor-section-stretched elementor-section-height-default elementor-section-height-default\" data-id=\"73ef5d03\" data-element_type=\"section\" data-settings=\"{&quot;stretch_section&quot;:&quot;section-stretched&quot;}\">\n\t\t\t\t\t\t<div class=\"elementor-container elementor-column-gap-default\">\n\t\t\t\t\t<div class=\"elementor-column elementor-col-100 elementor-top-column elementor-element elementor-element-35a0c13b\" data-id=\"35a0c13b\" data-element_type=\"column\">\n\t\t\t<div class=\"elementor-widget-wrap elementor-element-populated\">\n\t\t\t\t\t\t\t\t<div class=\"elementor-element elementor-element-3f8e757f elementor-widget elementor-widget-heading\" data-id=\"3f8e757f\" data-element_type=\"widget\" data-widget_type=\"heading.default\">\n\t\t\t\t<div class=\"elementor-widget-container\">\n\t\t\t<style>\/*! elementor - v3.15.0 - 02-08-2023 *\/\n.elementor-heading-title{padding:0;margin:0;line-height:1}.elementor-widget-heading .elementor-heading-title[class*=elementor-size-]>a{color:inherit;font-size:inherit;line-height:inherit}.elementor-widget-heading .elementor-heading-title.elementor-size-small{font-size:15px}.elementor-widget-heading .elementor-heading-title.elementor-size-medium{font-size:19px}.elementor-widget-heading .elementor-heading-title.elementor-size-large{font-size:29px}.elementor-widget-heading .elementor-heading-title.elementor-size-xl{font-size:39px}.elementor-widget-heading .elementor-heading-title.elementor-size-xxl{font-size:59px}<\/style><h2 class=\"elementor-heading-title elementor-size-default\">FOR DOGS WITH CHARACTER <\/h2>\t\t<\/div>\n\t\t\t\t<\/div>\n\t\t\t\t<div class=\"elementor-element elementor-element-25634f16 elementor-widget elementor-widget-text-editor\" data-id=\"25634f16\" data-element_type=\"widget\" data-widget_type=\"text-editor.default\">\n\t\t\t\t<div class=\"elementor-widget-container\">\n\t\t\t<style>\/*! elementor - v3.15.0 - 02-08-2023 *\/\n.elementor-widget-text-editor.elementor-drop-cap-view-stacked .elementor-drop-cap{background-color:#69727d;color:#fff}.elementor-widget-text-editor.elementor-drop-cap-view-framed .elementor-drop-cap{color:#69727d;border:3px solid;background-color:transparent}.elementor-widget-text-editor:not(.elementor-drop-cap-view-default) .elementor-drop-cap{margin-top:8px}.elementor-widget-text-editor:not(.elementor-drop-cap-view-default) .elementor-drop-cap-letter{width:1em;height:1em}.elementor-widget-text-editor .elementor-drop-cap{float:left;text-align:center;line-height:1;font-size:50px}.elementor-widget-text-editor .elementor-drop-cap-letter{display:inline-block}<\/style>\t\t\t\t<p>The Whippet Racer winter coat is specially tailored for Whippets. It will keep your puppy dry and protected from the wind and cold during walks. It is made of soft, breathable, high-performance and long-lasting material. It is suitable for both long and short walks. Because it is tailored to the Whippets measures, it provides maximum coverage and a perfect fit for the dog, while the harness also ensures unrestricted movement, stability and elegance.<\/p>\t\t\t\t\t\t<\/div>\n\t\t\t\t<\/div>\n\t\t\t\t<div class=\"elementor-element elementor-element-26ec4cb6 elementor-icon-list--layout-inline elementor-align-center elementor-mobile-align-left elementor-list-item-link-full_width elementor-widget elementor-widget-icon-list\" data-id=\"26ec4cb6\" data-element_type=\"widget\" data-widget_type=\"icon-list.default\">\n\t\t\t\t<div class=\"elementor-widget-container\">\n\t\t\t<link rel=\"stylesheet\" href=\"https:\/\/www.pancho.si\/wp-content\/plugins\/elementor\/assets\/css\/widget-icon-list.min.css\">\t\t<ul class=\"elementor-icon-list-items elementor-inline-items\">\n\t\t\t\t\t\t\t<li class=\"elementor-icon-list-item elementor-inline-item\">\n\t\t\t\t\t\t\t\t\t\t\t<span class=\"elementor-icon-list-icon\">\n\t\t\t\t\t\t\t<i aria-hidden=\"true\" class=\"fas fa-paw\"><\/i>\t\t\t\t\t\t<\/span>\n\t\t\t\t\t\t\t\t\t\t<span class=\"elementor-icon-list-text\">water repellent<\/span>\n\t\t\t\t\t\t\t\t\t<\/li>\n\t\t\t\t\t\t\t\t<li class=\"elementor-icon-list-item elementor-inline-item\">\n\t\t\t\t\t\t\t\t\t\t\t<span class=\"elementor-icon-list-icon\">\n\t\t\t\t\t\t\t<i aria-hidden=\"true\" class=\"fas fa-paw\"><\/i>\t\t\t\t\t\t<\/span>\n\t\t\t\t\t\t\t\t\t\t<span class=\"elementor-icon-list-text\">extended collar for maximum protection<\/span>\n\t\t\t\t\t\t\t\t\t<\/li>\n\t\t\t\t\t\t\t\t<li class=\"elementor-icon-list-item elementor-inline-item\">\n\t\t\t\t\t\t\t\t\t\t\t<span class=\"elementor-icon-list-icon\">\n\t\t\t\t\t\t\t<i aria-hidden=\"true\" class=\"fas fa-paw\"><\/i>\t\t\t\t\t\t<\/span>\n\t\t\t\t\t\t\t\t\t\t<span class=\"elementor-icon-list-text\">belt for a perfect fit<\/span>\n\t\t\t\t\t\t\t\t\t<\/li>\n\t\t\t\t\t\t\t\t<li class=\"elementor-icon-list-item elementor-inline-item\">\n\t\t\t\t\t\t\t\t\t\t\t<span class=\"elementor-icon-list-icon\">\n\t\t\t\t\t\t\t<i aria-hidden=\"true\" class=\"fas fa-paw\"><\/i>\t\t\t\t\t\t<\/span>\n\t\t\t\t\t\t\t\t\t\t<span class=\"elementor-icon-list-text\">opening on the back for a leash<\/span>\n\t\t\t\t\t\t\t\t\t<\/li>\n\t\t\t\t\t\t<\/ul>\n\t\t\t\t<\/div>\n\t\t\t\t<\/div>\n\t\t\t\t<div class=\"elementor-element elementor-element-6fd4843e elementor-widget elementor-widget-heading\" data-id=\"6fd4843e\" data-element_type=\"widget\" id=\"size\" data-widget_type=\"heading.default\">\n\t\t\t\t<div class=\"elementor-widget-container\">\n\t\t\t<h2 class=\"elementor-heading-title elementor-size-default\">HOW TO MEASURE YOUR DOG<\/h2>\t\t<\/div>\n\t\t\t\t<\/div>\n\t\t\t\t<div class=\"elementor-element elementor-element-18684a1e elementor-widget elementor-widget-text-editor\" data-id=\"18684a1e\" data-element_type=\"widget\" data-widget_type=\"text-editor.default\">\n\t\t\t\t<div class=\"elementor-widget-container\">\n\t\t\t\t\t\t\t<p style=\"text-align: center;\">Measurement are subjected to minor devations (up to 1 cm) due hand made production.<\/p>\t\t\t\t\t\t<\/div>\n\t\t\t\t<\/div>\n\t\t\t\t<section class=\"elementor-section elementor-inner-section elementor-element elementor-element-18e1c9b6 elementor-section-boxed elementor-section-height-default elementor-section-height-default\" data-id=\"18e1c9b6\" data-element_type=\"section\">\n\t\t\t\t\t\t<div class=\"elementor-container elementor-column-gap-default\">\n\t\t\t\t\t<div class=\"elementor-column elementor-col-50 elementor-inner-column elementor-element elementor-element-63c6dc4\" data-id=\"63c6dc4\" data-element_type=\"column\">\n\t\t\t<div class=\"elementor-widget-wrap elementor-element-populated\">\n\t\t\t\t\t\t\t\t<div class=\"elementor-element elementor-element-52c031f7 elementor-widget elementor-widget-image\" data-id=\"52c031f7\" data-element_type=\"widget\" data-widget_type=\"image.default\">\n\t\t\t\t<div class=\"elementor-widget-container\">\n\t\t\t<style>\/*! elementor - v3.15.0 - 02-08-2023 *\/\n.elementor-widget-image{text-align:center}.elementor-widget-image a{display:inline-block}.elementor-widget-image a img[src$=\".svg\"]{width:48px}.elementor-widget-image img{vertical-align:middle;display:inline-block}<\/style>\t\t\t\t\t\t\t\t\t\t\t\t<img decoding=\"async\" width=\"474\" height=\"436\" src=\"https:\/\/www.pancho.si\/wp-content\/uploads\/2021\/11\/SLO_Vipet_novo-min.jpg\" class=\"attachment-large size-large wp-image-46991\" alt=\"\" srcset=\"https:\/\/www.pancho.si\/wp-content\/uploads\/2021\/11\/SLO_Vipet_novo-min.jpg 474w,  https:\/\/www.pancho.si\/wp-content\/uploads\/2021\/11\/SLO_Vipet_novo-min-300x276.jpg 300w,  https:\/\/www.pancho.si\/wp-content\/uploads\/2021\/11\/SLO_Vipet_novo-min-13x12.jpg 13w\" sizes=\"(max-width: 474px) 100vw, 474px\" \/>\t\t\t\t\t\t\t\t\t\t\t\t\t\t\t<\/div>\n\t\t\t\t<\/div>\n\t\t\t\t\t<\/div>\n\t\t<\/div>\n\t\t\t\t<div class=\"elementor-column elementor-col-50 elementor-inner-column elementor-element elementor-element-363155f5\" data-id=\"363155f5\" data-element_type=\"column\">\n\t\t\t<div class=\"elementor-widget-wrap elementor-element-populated\">\n\t\t\t\t\t\t\t\t<div class=\"elementor-element elementor-element-ac9fabc elementor-widget elementor-widget-image\" data-id=\"ac9fabc\" data-element_type=\"widget\" data-widget_type=\"image.default\">\n\t\t\t\t<div class=\"elementor-widget-container\">\n\t\t\t\t\t\t\t\t\t\t\t\t\t\t\t<img decoding=\"async\" width=\"619\" height=\"499\" src=\"https:\/\/www.pancho.si\/wp-content\/uploads\/2021\/05\/size_chart_pancho_other_v2_3_xxl2-min.jpg\" class=\"attachment-large size-large wp-image-39498\" alt=\"Meritve Pes\" srcset=\"https:\/\/www.pancho.si\/wp-content\/uploads\/2021\/05\/size_chart_pancho_other_v2_3_xxl2-min.jpg 619w,  https:\/\/www.pancho.si\/wp-content\/uploads\/2021\/05\/size_chart_pancho_other_v2_3_xxl2-min-300x242.jpg 300w,  https:\/\/www.pancho.si\/wp-content\/uploads\/2021\/05\/size_chart_pancho_other_v2_3_xxl2-min-16x12.jpg 16w\" sizes=\"(max-width: 619px) 100vw, 619px\" \/>\t\t\t\t\t\t\t\t\t\t\t\t\t\t\t<\/div>\n\t\t\t\t<\/div>\n\t\t\t\t<div class=\"elementor-element elementor-element-9e32744 elementor-icon-list--layout-inline elementor-align-center elementor-mobile-align-left elementor-list-item-link-full_width elementor-widget elementor-widget-icon-list\" data-id=\"9e32744\" data-element_type=\"widget\" data-widget_type=\"icon-list.default\">\n\t\t\t\t<div class=\"elementor-widget-container\">\n\t\t\t\t\t<ul class=\"elementor-icon-list-items elementor-inline-items\">\n\t\t\t\t\t\t\t<li class=\"elementor-icon-list-item elementor-inline-item\">\n\t\t\t\t\t\t\t\t\t\t\t<span class=\"elementor-icon-list-icon\">\n\t\t\t\t\t\t\t<i aria-hidden=\"true\" class=\"fas fa-paw\"><\/i>\t\t\t\t\t\t<\/span>\n\t\t\t\t\t\t\t\t\t\t<span class=\"elementor-icon-list-text\">Pancho recommends: When in doubt take one size larger. <\/span>\n\t\t\t\t\t\t\t\t\t<\/li>\n\t\t\t\t\t\t<\/ul>\n\t\t\t\t<\/div>\n\t\t\t\t<\/div>\n\t\t\t\t\t<\/div>\n\t\t<\/div>\n\t\t\t\t\t\t\t<\/div>\n\t\t<\/section>\n\t\t\t\t\t<\/div>\n\t\t<\/div>\n\t\t\t\t\t\t\t<\/div>\n\t\t<\/section>\n\t\t\t\t\t\t\t<\/div>","protected":false},"excerpt":{"rendered":"<p>The Whippet Racer winter coat is specially tailored for Whippets. It will keep your puppy dry and protected from the wind and cold during walks.<\/p>\n<p>&nbsp;<\/p>\n<table border=\"0\" cellspacing=\"0\" cellpadding=\"0\" align=\"center\">\n<tbody>\n<tr>\n<td><strong><img decoding=\"async\" src=\"https:\/\/www.pancho.si\/wp-content\/uploads\/2021\/09\/tacka-1.png\" alt=\"\" width=\"20\" height=\"20\" \/><\/strong><\/td>\n<td><strong>\u00a0\u00a0water repellent<\/strong><\/td>\n<\/tr>\n<tr>\n<td><strong><img decoding=\"async\" src=\"https:\/\/www.pancho.si\/wp-content\/uploads\/2021\/09\/tacka-1.png\" alt=\"\" width=\"20\" height=\"20\" \/><\/strong><\/td>\n<td><strong>\u00a0 extended collar for maximum protection<\/strong><\/td>\n<\/tr>\n<tr>\n<td><strong><img decoding=\"async\" src=\"https:\/\/www.pancho.si\/wp-content\/uploads\/2021\/09\/tacka-1.png\" alt=\"\" width=\"20\" height=\"20\" \/><\/strong><\/td>\n<td><strong>\u00a0 belt for a perfect fit<\/strong><\/td>\n<\/tr>\n<tr>\n<td><strong><img decoding=\"async\" src=\"https:\/\/www.pancho.si\/wp-content\/uploads\/2021\/09\/tacka-1.png\" alt=\"\" width=\"20\" height=\"20\" \/><\/strong><\/td>\n<td><strong>\u00a0 opening on the back for a leash<\/strong><\/td>\n<\/tr>\n<tr>\n<td><\/td>\n<td><\/td>\n<\/tr>\n<\/tbody>\n<\/table>","protected":false},"featured_media":46593,"comment_status":"open","ping_status":"closed","template":"","meta":{"inline_featured_image":false},"product_cat":[339,315,265],"product_tag":[337],"class_list":["post-46604","product","type-product","status-publish","has-post-thumbnail","hentry","product_cat-vipeti","product_cat-zimski-plasci","product_cat-vsi-izdelki","product_tag-zimski-plascek-za-psa-vipet-dirkac"],"yoast_head":"<!-- This site is optimized with the Yoast SEO plugin v20.12 - https:\/\/yoast.com\/wordpress\/plugins\/seo\/ -->\n<title>ZIMSKI PLA\u0160\u010cEK ZA PSA VIPET DIRKA\u010c - Pancho<\/title>\n<meta name=\"robots\" content=\"index, follow, max-snippet:-1, max-image-preview:large, max-video-preview:-1\" \/>\n<link rel=\"canonical\" href=\"https:\/\/www.pancho.si\/en\/product\/zimski-plascek-za-psa-vipet-dirkac\/\" \/>\n<meta property=\"og:locale\" content=\"en_US\" \/>\n<meta property=\"og:type\" content=\"article\" \/>\n<meta property=\"og:title\" content=\"ZIMSKI PLA\u0160\u010cEK ZA PSA VIPET DIRKA\u010c - Pancho\" \/>\n<meta property=\"og:description\" content=\"Zimski pla\u0161\u010d Dirka\u010d je posebej krojen za vipete. Poskrbel bo, da bo va\u0161 ku\u017eek med sprehodi ostal suh in za\u0161\u010diten pred vetrom in mrazom.  &nbsp;     \u00a0\u00a0vodoodbojen    \u00a0 podalj\u0161an ovratnik za popolno za\u0161\u010dito    \u00a0 pas za popolno prileganje    \u00a0 priro\u010dna odprtina za ovratnico ali oprsnico\" \/>\n<meta property=\"og:url\" content=\"https:\/\/www.pancho.si\/en\/product\/zimski-plascek-za-psa-vipet-dirkac\/\" \/>\n<meta property=\"og:site_name\" content=\"Pancho\" \/>\n<meta property=\"article:publisher\" content=\"https:\/\/www.facebook.com\/Pancho.trgovina\/\" \/>\n<meta property=\"article:modified_time\" content=\"2024-12-10T11:16:10+00:00\" \/>\n<meta property=\"og:image\" content=\"https:\/\/www.pancho.si\/wp-content\/uploads\/2021\/11\/Dirkac_3-min-scaled.jpg\" \/>\n\t<meta property=\"og:image:width\" content=\"1706\" \/>\n\t<meta property=\"og:image:height\" content=\"2560\" \/>\n\t<meta property=\"og:image:type\" content=\"image\/jpeg\" \/>\n<meta name=\"twitter:card\" content=\"summary_large_image\" \/>\n<meta name=\"twitter:label1\" content=\"Est. reading time\" \/>\n\t<meta name=\"twitter:data1\" content=\"2 minutes\" \/>\n<script type=\"application\/ld+json\" class=\"yoast-schema-graph\">{\"@context\":\"https:\/\/schema.org\",\"@graph\":[{\"@type\":\"WebPage\",\"@id\":\"https:\/\/www.pancho.si\/izdelek\/zimski-plascek-za-psa-vipet-dirkac\/\",\"url\":\"https:\/\/www.pancho.si\/izdelek\/zimski-plascek-za-psa-vipet-dirkac\/\",\"name\":\"ZIMSKI PLA\u0160\u010cEK ZA PSA VIPET DIRKA\u010c - Pancho\",\"isPartOf\":{\"@id\":\"https:\/\/www.pancho.si\/#website\"},\"datePublished\":\"2021-11-16T14:22:36+00:00\",\"dateModified\":\"2024-12-10T11:16:10+00:00\",\"breadcrumb\":{\"@id\":\"https:\/\/www.pancho.si\/izdelek\/zimski-plascek-za-psa-vipet-dirkac\/#breadcrumb\"},\"inLanguage\":\"en-US\",\"potentialAction\":[{\"@type\":\"ReadAction\",\"target\":[\"https:\/\/www.pancho.si\/izdelek\/zimski-plascek-za-psa-vipet-dirkac\/\"]}]},{\"@type\":\"BreadcrumbList\",\"@id\":\"https:\/\/www.pancho.si\/izdelek\/zimski-plascek-za-psa-vipet-dirkac\/#breadcrumb\",\"itemListElement\":[{\"@type\":\"ListItem\",\"position\":1,\"name\":\"Domov\",\"item\":\"https:\/\/www.pancho.si\/\"},{\"@type\":\"ListItem\",\"position\":2,\"name\":\"Trgovina\",\"item\":\"https:\/\/www.pancho.si\/en\/trgovina-2\/\"},{\"@type\":\"ListItem\",\"position\":3,\"name\":\"ZIMSKI PLA\u0160\u010cEK ZA PSA VIPET DIRKA\u010c\"}]},{\"@type\":\"WebSite\",\"@id\":\"https:\/\/www.pancho.si\/#website\",\"url\":\"https:\/\/www.pancho.si\/\",\"name\":\"Pancho\",\"description\":\"Pancho\",\"publisher\":{\"@id\":\"https:\/\/www.pancho.si\/#organization\"},\"potentialAction\":[{\"@type\":\"SearchAction\",\"target\":{\"@type\":\"EntryPoint\",\"urlTemplate\":\"https:\/\/www.pancho.si\/?s={search_term_string}\"},\"query-input\":\"required name=search_term_string\"}],\"inLanguage\":\"en-US\"},{\"@type\":\"Organization\",\"@id\":\"https:\/\/www.pancho.si\/#organization\",\"name\":\"Pancho\",\"url\":\"https:\/\/www.pancho.si\/\",\"logo\":{\"@type\":\"ImageObject\",\"inLanguage\":\"en-US\",\"@id\":\"https:\/\/www.pancho.si\/#\/schema\/logo\/image\/\",\"url\":\"https:\/\/www.pancho.si\/wp-content\/uploads\/2021\/05\/Untitled_design_40_x100.png\",\"contentUrl\":\"https:\/\/www.pancho.si\/wp-content\/uploads\/2021\/05\/Untitled_design_40_x100.png\",\"width\":100,\"height\":100,\"caption\":\"Pancho\"},\"image\":{\"@id\":\"https:\/\/www.pancho.si\/#\/schema\/logo\/image\/\"},\"sameAs\":[\"https:\/\/www.facebook.com\/Pancho.trgovina\/\",\"https:\/\/www.instagram.com\/pancho.si\/\",\"https:\/\/www.pinterest.com\/PanchoSi\/\"]}]}<\/script>\n<!-- \/ Yoast SEO plugin. -->","yoast_head_json":{"title":"ZIMSKI PLA\u0160\u010cEK ZA PSA VIPET DIRKA\u010c - Pancho","robots":{"index":"index","follow":"follow","max-snippet":"max-snippet:-1","max-image-preview":"max-image-preview:large","max-video-preview":"max-video-preview:-1"},"canonical":"https:\/\/www.pancho.si\/en\/product\/zimski-plascek-za-psa-vipet-dirkac\/","og_locale":"en_US","og_type":"article","og_title":"ZIMSKI PLA\u0160\u010cEK ZA PSA VIPET DIRKA\u010c - Pancho","og_description":"Zimski pla\u0161\u010d Dirka\u010d je posebej krojen za vipete. Poskrbel bo, da bo va\u0161 ku\u017eek med sprehodi ostal suh in za\u0161\u010diten pred vetrom in mrazom.  &nbsp;     \u00a0\u00a0vodoodbojen    \u00a0 podalj\u0161an ovratnik za popolno za\u0161\u010dito    \u00a0 pas za popolno prileganje    \u00a0 priro\u010dna odprtina za ovratnico ali oprsnico","og_url":"https:\/\/www.pancho.si\/en\/product\/zimski-plascek-za-psa-vipet-dirkac\/","og_site_name":"Pancho","article_publisher":"https:\/\/www.facebook.com\/Pancho.trgovina\/","article_modified_time":"2024-12-10T11:16:10+00:00","og_image":[{"width":1706,"height":2560,"url":"https:\/\/www.pancho.si\/wp-content\/uploads\/2021\/11\/Dirkac_3-min-scaled.jpg","type":"image\/jpeg"}],"twitter_card":"summary_large_image","twitter_misc":{"Est. reading time":"2 minutes"},"schema":{"@context":"https:\/\/schema.org","@graph":[{"@type":"WebPage","@id":"https:\/\/www.pancho.si\/izdelek\/zimski-plascek-za-psa-vipet-dirkac\/","url":"https:\/\/www.pancho.si\/izdelek\/zimski-plascek-za-psa-vipet-dirkac\/","name":"ZIMSKI PLA\u0160\u010cEK ZA PSA VIPET DIRKA\u010c - Pancho","isPartOf":{"@id":"https:\/\/www.pancho.si\/#website"},"datePublished":"2021-11-16T14:22:36+00:00","dateModified":"2024-12-10T11:16:10+00:00","breadcrumb":{"@id":"https:\/\/www.pancho.si\/izdelek\/zimski-plascek-za-psa-vipet-dirkac\/#breadcrumb"},"inLanguage":"en-US","potentialAction":[{"@type":"ReadAction","target":["https:\/\/www.pancho.si\/izdelek\/zimski-plascek-za-psa-vipet-dirkac\/"]}]},{"@type":"BreadcrumbList","@id":"https:\/\/www.pancho.si\/izdelek\/zimski-plascek-za-psa-vipet-dirkac\/#breadcrumb","itemListElement":[{"@type":"ListItem","position":1,"name":"Domov","item":"https:\/\/www.pancho.si\/"},{"@type":"ListItem","position":2,"name":"Trgovina","item":"https:\/\/www.pancho.si\/en\/trgovina-2\/"},{"@type":"ListItem","position":3,"name":"ZIMSKI PLA\u0160\u010cEK ZA PSA VIPET DIRKA\u010c"}]},{"@type":"WebSite","@id":"https:\/\/www.pancho.si\/#website","url":"https:\/\/www.pancho.si\/","name":"Pancho","description":"Pancho","publisher":{"@id":"https:\/\/www.pancho.si\/#organization"},"potentialAction":[{"@type":"SearchAction","target":{"@type":"EntryPoint","urlTemplate":"https:\/\/www.pancho.si\/?s={search_term_string}"},"query-input":"required name=search_term_string"}],"inLanguage":"en-US"},{"@type":"Organization","@id":"https:\/\/www.pancho.si\/#organization","name":"Pancho","url":"https:\/\/www.pancho.si\/","logo":{"@type":"ImageObject","inLanguage":"en-US","@id":"https:\/\/www.pancho.si\/#\/schema\/logo\/image\/","url":"https:\/\/www.pancho.si\/wp-content\/uploads\/2021\/05\/Untitled_design_40_x100.png","contentUrl":"https:\/\/www.pancho.si\/wp-content\/uploads\/2021\/05\/Untitled_design_40_x100.png","width":100,"height":100,"caption":"Pancho"},"image":{"@id":"https:\/\/www.pancho.si\/#\/schema\/logo\/image\/"},"sameAs":["https:\/\/www.facebook.com\/Pancho.trgovina\/","https:\/\/www.instagram.com\/pancho.si\/","https:\/\/www.pinterest.com\/PanchoSi\/"]}]}},"_links":{"self":[{"href":"https:\/\/www.pancho.si\/en\/wp-json\/wp\/v2\/product\/46604","targetHints":{"allow":["GET"]}}],"collection":[{"href":"https:\/\/www.pancho.si\/en\/wp-json\/wp\/v2\/product"}],"about":[{"href":"https:\/\/www.pancho.si\/en\/wp-json\/wp\/v2\/types\/product"}],"replies":[{"embeddable":true,"href":"https:\/\/www.pancho.si\/en\/wp-json\/wp\/v2\/comments?post=46604"}],"version-history":[{"count":16,"href":"https:\/\/www.pancho.si\/en\/wp-json\/wp\/v2\/product\/46604\/revisions"}],"predecessor-version":[{"id":47328,"href":"https:\/\/www.pancho.si\/en\/wp-json\/wp\/v2\/product\/46604\/revisions\/47328"}],"wp:featuredmedia":[{"embeddable":true,"href":"https:\/\/www.pancho.si\/en\/wp-json\/wp\/v2\/media\/46593"}],"wp:attachment":[{"href":"https:\/\/www.pancho.si\/en\/wp-json\/wp\/v2\/media?parent=46604"}],"wp:term":[{"taxonomy":"product_cat","embeddable":true,"href":"https:\/\/www.pancho.si\/en\/wp-json\/wp\/v2\/product_cat?post=46604"},{"taxonomy":"product_tag","embeddable":true,"href":"https:\/\/www.pancho.si\/en\/wp-json\/wp\/v2\/product_tag?post=46604"}],"curies":[{"name":"wp","href":"https:\/\/api.w.org\/{rel}","templated":true}]}}