{"id":48541,"date":"2022-06-23T09:07:20","date_gmt":"2022-06-23T09:07:20","guid":{"rendered":"https:\/\/www.pancho.si\/?post_type=product&#038;p=48541"},"modified":"2022-07-13T11:16:56","modified_gmt":"2022-07-13T11:16:56","slug":"softshell-mavricni-samorogi","status":"publish","type":"product","link":"https:\/\/www.pancho.si\/en\/product\/softshell-mavricni-samorogi\/","title":{"rendered":"Softshell &#8211; Mavri\u010dni Samorog"},"content":{"rendered":"<div data-elementor-type=\"product-post\" data-elementor-id=\"48541\" class=\"elementor elementor-48541\">\n\t\t\t\t\t\t\t\t\t<section class=\"elementor-section elementor-top-section elementor-element elementor-element-62c20614 elementor-section-full_width elementor-section-stretched elementor-section-height-default elementor-section-height-default\" data-id=\"62c20614\" data-element_type=\"section\" data-settings=\"{&quot;stretch_section&quot;:&quot;section-stretched&quot;}\">\n\t\t\t\t\t\t<div class=\"elementor-container elementor-column-gap-default\">\n\t\t\t\t\t<div class=\"elementor-column elementor-col-100 elementor-top-column elementor-element elementor-element-70240c95\" data-id=\"70240c95\" data-element_type=\"column\">\n\t\t\t<div class=\"elementor-widget-wrap elementor-element-populated\">\n\t\t\t\t\t\t\t\t<div class=\"elementor-element elementor-element-589e147d elementor-widget elementor-widget-heading\" data-id=\"589e147d\" data-element_type=\"widget\" data-widget_type=\"heading.default\">\n\t\t\t\t<div class=\"elementor-widget-container\">\n\t\t\t<style>\/*! elementor - v3.15.0 - 02-08-2023 *\/\n.elementor-heading-title{padding:0;margin:0;line-height:1}.elementor-widget-heading .elementor-heading-title[class*=elementor-size-]>a{color:inherit;font-size:inherit;line-height:inherit}.elementor-widget-heading .elementor-heading-title.elementor-size-small{font-size:15px}.elementor-widget-heading .elementor-heading-title.elementor-size-medium{font-size:19px}.elementor-widget-heading .elementor-heading-title.elementor-size-large{font-size:29px}.elementor-widget-heading .elementor-heading-title.elementor-size-xl{font-size:39px}.elementor-widget-heading .elementor-heading-title.elementor-size-xxl{font-size:59px}<\/style><h2 class=\"elementor-heading-title elementor-size-default\">SOFTSHELL MAGI\u010cNI SAMOROG<\/h2>\t\t<\/div>\n\t\t\t\t<\/div>\n\t\t\t\t<div class=\"elementor-element elementor-element-30259c4e elementor-widget elementor-widget-text-editor\" data-id=\"30259c4e\" data-element_type=\"widget\" data-widget_type=\"text-editor.default\">\n\t\t\t\t<div class=\"elementor-widget-container\">\n\t\t\t<style>\/*! elementor - v3.15.0 - 02-08-2023 *\/\n.elementor-widget-text-editor.elementor-drop-cap-view-stacked .elementor-drop-cap{background-color:#69727d;color:#fff}.elementor-widget-text-editor.elementor-drop-cap-view-framed .elementor-drop-cap{color:#69727d;border:3px solid;background-color:transparent}.elementor-widget-text-editor:not(.elementor-drop-cap-view-default) .elementor-drop-cap{margin-top:8px}.elementor-widget-text-editor:not(.elementor-drop-cap-view-default) .elementor-drop-cap-letter{width:1em;height:1em}.elementor-widget-text-editor .elementor-drop-cap{float:left;text-align:center;line-height:1;font-size:50px}.elementor-widget-text-editor .elementor-drop-cap-letter{display:inline-block}<\/style>\t\t\t\t<p>Blago Softshell mavri\u010dni samorogi je sestavljeno iz velurja na notranji strani in vodoodbojne tkanine na zunanji strani. Varuje pred vetrom, manj\u0161imi padavinami in mrazom. Rahla pro\u017enost daje udobje pri no\u0161nji. Uporablja se za \u0161portne jakne in hla\u010de, brezrokavnike, rokavice ipd.<\/p>\t\t\t\t\t\t<\/div>\n\t\t\t\t<\/div>\n\t\t\t\t<div class=\"elementor-element elementor-element-72543bfd elementor-icon-list--layout-inline elementor-align-center elementor-mobile-align-left elementor-list-item-link-full_width elementor-widget elementor-widget-icon-list\" data-id=\"72543bfd\" data-element_type=\"widget\" data-widget_type=\"icon-list.default\">\n\t\t\t\t<div class=\"elementor-widget-container\">\n\t\t\t<link rel=\"stylesheet\" href=\"https:\/\/www.pancho.si\/wp-content\/plugins\/elementor\/assets\/css\/widget-icon-list.min.css\">\t\t<ul class=\"elementor-icon-list-items elementor-inline-items\">\n\t\t\t\t\t\t\t<li class=\"elementor-icon-list-item elementor-inline-item\">\n\t\t\t\t\t\t\t\t\t\t\t<span class=\"elementor-icon-list-icon\">\n\t\t\t\t\t\t\t<i aria-hidden=\"true\" class=\"fas fa-paw\"><\/i>\t\t\t\t\t\t<\/span>\n\t\t\t\t\t\t\t\t\t\t<span class=\"elementor-icon-list-text\">water repellent fabric<\/span>\n\t\t\t\t\t\t\t\t\t<\/li>\n\t\t\t\t\t\t\t\t<li class=\"elementor-icon-list-item elementor-inline-item\">\n\t\t\t\t\t\t\t\t\t\t\t<span class=\"elementor-icon-list-icon\">\n\t\t\t\t\t\t\t<i aria-hidden=\"true\" class=\"fas fa-paw\"><\/i>\t\t\t\t\t\t<\/span>\n\t\t\t\t\t\t\t\t\t\t<span class=\"elementor-icon-list-text\">100 % poliester<\/span>\n\t\t\t\t\t\t\t\t\t<\/li>\n\t\t\t\t\t\t\t\t<li class=\"elementor-icon-list-item elementor-inline-item\">\n\t\t\t\t\t\t\t\t\t\t\t<span class=\"elementor-icon-list-icon\">\n\t\t\t\t\t\t\t<i aria-hidden=\"true\" class=\"fas fa-paw\"><\/i>\t\t\t\t\t\t<\/span>\n\t\t\t\t\t\t\t\t\t\t<span class=\"elementor-icon-list-text\">poslikava samoroga<\/span>\n\t\t\t\t\t\t\t\t\t<\/li>\n\t\t\t\t\t\t<\/ul>\n\t\t\t\t<\/div>\n\t\t\t\t<\/div>\n\t\t\t\t\t<\/div>\n\t\t<\/div>\n\t\t\t\t\t\t\t<\/div>\n\t\t<\/section>\n\t\t\t\t\t\t\t<\/div>","protected":false},"excerpt":{"rendered":"<p>Blago Softshell mavri\u010dni samorogi je sestavljeno iz velurja na notranji strani in vodoodbojne tkanine na zunanji strani. Varuje pred vetrom, manj\u0161imi padavinami in mrazom. Rahla pro\u017enost daje udobje pri no\u0161nji. Uporablja se za \u0161portne jakne in hla\u010de, brezrokavnike, rokavice ipd.<\/p>\n<p>&nbsp;<\/p>\n<table border=\"0\" cellspacing=\"0\" cellpadding=\"0\" align=\"center\">\n<tbody>\n<tr>\n<td><strong><img decoding=\"async\" src=\"https:\/\/www.pancho.si\/wp-content\/uploads\/2021\/09\/tacka-1.png\" alt=\"\" width=\"20\" height=\"20\" \/><\/strong><\/td>\n<td><strong>water repellent fabric<\/strong><\/td>\n<\/tr>\n<tr>\n<td><strong><img decoding=\"async\" src=\"https:\/\/www.pancho.si\/wp-content\/uploads\/2021\/09\/tacka-1.png\" alt=\"\" width=\"20\" height=\"20\" \/><\/strong><\/td>\n<td><strong>vsestranska uporaba<\/strong><\/td>\n<\/tr>\n<tr>\n<td><strong><img decoding=\"async\" src=\"https:\/\/www.pancho.si\/wp-content\/uploads\/2021\/09\/tacka-1.png\" alt=\"\" width=\"20\" height=\"20\" \/><\/strong><\/td>\n<td><strong>privla\u010den dizajn<\/strong><\/td>\n<\/tr>\n<\/tbody>\n<\/table>\n<p>&nbsp;<\/p>\n<p>Sestava: 100 % poliester<\/p>\n<p>Mere: \u0161irina 140 cm<\/p>\n<p>Izberite \u017eeleno dol\u017eino. Merska enota je meter. Cena 14,90 \u20ac\/meter.<\/p>\n<p>&nbsp;<\/p>","protected":false},"featured_media":48558,"comment_status":"open","ping_status":"closed","template":"","meta":{"inline_featured_image":false},"product_cat":[369,265],"product_tag":[364],"class_list":["post-48541","product","type-product","status-publish","has-post-thumbnail","hentry","product_cat-blago","product_cat-vsi-izdelki","product_tag-softshell-mavricni-samorogi"],"yoast_head":"<!-- This site is optimized with the Yoast SEO plugin v20.12 - https:\/\/yoast.com\/wordpress\/plugins\/seo\/ -->\n<title>Softshell - Mavri\u010dni Samorog - Pancho<\/title>\n<meta name=\"robots\" content=\"index, follow, max-snippet:-1, max-image-preview:large, max-video-preview:-1\" \/>\n<link rel=\"canonical\" href=\"https:\/\/www.pancho.si\/en\/product\/softshell-mavricni-samorogi\/\" \/>\n<meta property=\"og:locale\" content=\"en_US\" \/>\n<meta property=\"og:type\" content=\"article\" \/>\n<meta property=\"og:title\" content=\"Softshell - Mavri\u010dni Samorog - Pancho\" \/>\n<meta property=\"og:description\" content=\"Blago Softshell mavri\u010dni samorogi je sestavljeno iz velurja na notranji strani in vodoodbojne tkanine na zunanji strani. Varuje pred vetrom, manj\u0161imi padavinami in mrazom. Rahla pro\u017enost daje udobje pri no\u0161nji. Uporablja se za \u0161portne jakne in hla\u010de, brezrokavnike, rokavice ipd.  &nbsp;     vodoodbojno blago    vsestranska uporaba    privla\u010den dizajn    &nbsp;  Sestava: 100 % poliester  Mere: \u0161irina 140 cm  Izberite \u017eeleno dol\u017eino. Merska enota je meter. Cena 14,90 \u20ac\/meter.  &nbsp;\" \/>\n<meta property=\"og:url\" content=\"https:\/\/www.pancho.si\/en\/product\/softshell-mavricni-samorogi\/\" \/>\n<meta property=\"og:site_name\" content=\"Pancho\" \/>\n<meta property=\"article:publisher\" content=\"https:\/\/www.facebook.com\/Pancho.trgovina\/\" \/>\n<meta property=\"article:modified_time\" content=\"2022-07-13T11:16:56+00:00\" \/>\n<meta property=\"og:image\" content=\"https:\/\/www.pancho.si\/wp-content\/uploads\/2022\/06\/Poly_softshell_samorogi_3-min-scaled.jpg\" \/>\n\t<meta property=\"og:image:width\" content=\"2048\" \/>\n\t<meta property=\"og:image:height\" content=\"2560\" \/>\n\t<meta property=\"og:image:type\" content=\"image\/jpeg\" \/>\n<meta name=\"twitter:card\" content=\"summary_large_image\" \/>\n<meta name=\"twitter:label1\" content=\"Est. reading time\" \/>\n\t<meta name=\"twitter:data1\" content=\"1 minute\" \/>\n<script type=\"application\/ld+json\" class=\"yoast-schema-graph\">{\"@context\":\"https:\/\/schema.org\",\"@graph\":[{\"@type\":\"WebPage\",\"@id\":\"https:\/\/www.pancho.si\/izdelek\/softshell-mavricni-samorogi\/\",\"url\":\"https:\/\/www.pancho.si\/izdelek\/softshell-mavricni-samorogi\/\",\"name\":\"Softshell - Mavri\u010dni Samorog - Pancho\",\"isPartOf\":{\"@id\":\"https:\/\/www.pancho.si\/#website\"},\"datePublished\":\"2022-06-23T09:07:20+00:00\",\"dateModified\":\"2022-07-13T11:16:56+00:00\",\"breadcrumb\":{\"@id\":\"https:\/\/www.pancho.si\/izdelek\/softshell-mavricni-samorogi\/#breadcrumb\"},\"inLanguage\":\"en-US\",\"potentialAction\":[{\"@type\":\"ReadAction\",\"target\":[\"https:\/\/www.pancho.si\/izdelek\/softshell-mavricni-samorogi\/\"]}]},{\"@type\":\"BreadcrumbList\",\"@id\":\"https:\/\/www.pancho.si\/izdelek\/softshell-mavricni-samorogi\/#breadcrumb\",\"itemListElement\":[{\"@type\":\"ListItem\",\"position\":1,\"name\":\"Domov\",\"item\":\"https:\/\/www.pancho.si\/\"},{\"@type\":\"ListItem\",\"position\":2,\"name\":\"Trgovina\",\"item\":\"https:\/\/www.pancho.si\/en\/trgovina-2\/\"},{\"@type\":\"ListItem\",\"position\":3,\"name\":\"Softshell &#8211; Mavri\u010dni Samorog\"}]},{\"@type\":\"WebSite\",\"@id\":\"https:\/\/www.pancho.si\/#website\",\"url\":\"https:\/\/www.pancho.si\/\",\"name\":\"Pancho\",\"description\":\"Pancho\",\"publisher\":{\"@id\":\"https:\/\/www.pancho.si\/#organization\"},\"potentialAction\":[{\"@type\":\"SearchAction\",\"target\":{\"@type\":\"EntryPoint\",\"urlTemplate\":\"https:\/\/www.pancho.si\/?s={search_term_string}\"},\"query-input\":\"required name=search_term_string\"}],\"inLanguage\":\"en-US\"},{\"@type\":\"Organization\",\"@id\":\"https:\/\/www.pancho.si\/#organization\",\"name\":\"Pancho\",\"url\":\"https:\/\/www.pancho.si\/\",\"logo\":{\"@type\":\"ImageObject\",\"inLanguage\":\"en-US\",\"@id\":\"https:\/\/www.pancho.si\/#\/schema\/logo\/image\/\",\"url\":\"https:\/\/www.pancho.si\/wp-content\/uploads\/2021\/05\/Untitled_design_40_x100.png\",\"contentUrl\":\"https:\/\/www.pancho.si\/wp-content\/uploads\/2021\/05\/Untitled_design_40_x100.png\",\"width\":100,\"height\":100,\"caption\":\"Pancho\"},\"image\":{\"@id\":\"https:\/\/www.pancho.si\/#\/schema\/logo\/image\/\"},\"sameAs\":[\"https:\/\/www.facebook.com\/Pancho.trgovina\/\",\"https:\/\/www.instagram.com\/pancho.si\/\",\"https:\/\/www.pinterest.com\/PanchoSi\/\"]}]}<\/script>\n<!-- \/ Yoast SEO plugin. -->","yoast_head_json":{"title":"Softshell - Mavri\u010dni Samorog - Pancho","robots":{"index":"index","follow":"follow","max-snippet":"max-snippet:-1","max-image-preview":"max-image-preview:large","max-video-preview":"max-video-preview:-1"},"canonical":"https:\/\/www.pancho.si\/en\/product\/softshell-mavricni-samorogi\/","og_locale":"en_US","og_type":"article","og_title":"Softshell - Mavri\u010dni Samorog - Pancho","og_description":"Blago Softshell mavri\u010dni samorogi je sestavljeno iz velurja na notranji strani in vodoodbojne tkanine na zunanji strani. Varuje pred vetrom, manj\u0161imi padavinami in mrazom. Rahla pro\u017enost daje udobje pri no\u0161nji. Uporablja se za \u0161portne jakne in hla\u010de, brezrokavnike, rokavice ipd.  &nbsp;     vodoodbojno blago    vsestranska uporaba    privla\u010den dizajn    &nbsp;  Sestava: 100 % poliester  Mere: \u0161irina 140 cm  Izberite \u017eeleno dol\u017eino. Merska enota je meter. Cena 14,90 \u20ac\/meter.  &nbsp;","og_url":"https:\/\/www.pancho.si\/en\/product\/softshell-mavricni-samorogi\/","og_site_name":"Pancho","article_publisher":"https:\/\/www.facebook.com\/Pancho.trgovina\/","article_modified_time":"2022-07-13T11:16:56+00:00","og_image":[{"width":2048,"height":2560,"url":"https:\/\/www.pancho.si\/wp-content\/uploads\/2022\/06\/Poly_softshell_samorogi_3-min-scaled.jpg","type":"image\/jpeg"}],"twitter_card":"summary_large_image","twitter_misc":{"Est. reading time":"1 minute"},"schema":{"@context":"https:\/\/schema.org","@graph":[{"@type":"WebPage","@id":"https:\/\/www.pancho.si\/izdelek\/softshell-mavricni-samorogi\/","url":"https:\/\/www.pancho.si\/izdelek\/softshell-mavricni-samorogi\/","name":"Softshell - Mavri\u010dni Samorog - Pancho","isPartOf":{"@id":"https:\/\/www.pancho.si\/#website"},"datePublished":"2022-06-23T09:07:20+00:00","dateModified":"2022-07-13T11:16:56+00:00","breadcrumb":{"@id":"https:\/\/www.pancho.si\/izdelek\/softshell-mavricni-samorogi\/#breadcrumb"},"inLanguage":"en-US","potentialAction":[{"@type":"ReadAction","target":["https:\/\/www.pancho.si\/izdelek\/softshell-mavricni-samorogi\/"]}]},{"@type":"BreadcrumbList","@id":"https:\/\/www.pancho.si\/izdelek\/softshell-mavricni-samorogi\/#breadcrumb","itemListElement":[{"@type":"ListItem","position":1,"name":"Domov","item":"https:\/\/www.pancho.si\/"},{"@type":"ListItem","position":2,"name":"Trgovina","item":"https:\/\/www.pancho.si\/en\/trgovina-2\/"},{"@type":"ListItem","position":3,"name":"Softshell &#8211; Mavri\u010dni Samorog"}]},{"@type":"WebSite","@id":"https:\/\/www.pancho.si\/#website","url":"https:\/\/www.pancho.si\/","name":"Pancho","description":"Pancho","publisher":{"@id":"https:\/\/www.pancho.si\/#organization"},"potentialAction":[{"@type":"SearchAction","target":{"@type":"EntryPoint","urlTemplate":"https:\/\/www.pancho.si\/?s={search_term_string}"},"query-input":"required name=search_term_string"}],"inLanguage":"en-US"},{"@type":"Organization","@id":"https:\/\/www.pancho.si\/#organization","name":"Pancho","url":"https:\/\/www.pancho.si\/","logo":{"@type":"ImageObject","inLanguage":"en-US","@id":"https:\/\/www.pancho.si\/#\/schema\/logo\/image\/","url":"https:\/\/www.pancho.si\/wp-content\/uploads\/2021\/05\/Untitled_design_40_x100.png","contentUrl":"https:\/\/www.pancho.si\/wp-content\/uploads\/2021\/05\/Untitled_design_40_x100.png","width":100,"height":100,"caption":"Pancho"},"image":{"@id":"https:\/\/www.pancho.si\/#\/schema\/logo\/image\/"},"sameAs":["https:\/\/www.facebook.com\/Pancho.trgovina\/","https:\/\/www.instagram.com\/pancho.si\/","https:\/\/www.pinterest.com\/PanchoSi\/"]}]}},"_links":{"self":[{"href":"https:\/\/www.pancho.si\/en\/wp-json\/wp\/v2\/product\/48541","targetHints":{"allow":["GET"]}}],"collection":[{"href":"https:\/\/www.pancho.si\/en\/wp-json\/wp\/v2\/product"}],"about":[{"href":"https:\/\/www.pancho.si\/en\/wp-json\/wp\/v2\/types\/product"}],"replies":[{"embeddable":true,"href":"https:\/\/www.pancho.si\/en\/wp-json\/wp\/v2\/comments?post=48541"}],"version-history":[{"count":23,"href":"https:\/\/www.pancho.si\/en\/wp-json\/wp\/v2\/product\/48541\/revisions"}],"predecessor-version":[{"id":48683,"href":"https:\/\/www.pancho.si\/en\/wp-json\/wp\/v2\/product\/48541\/revisions\/48683"}],"wp:featuredmedia":[{"embeddable":true,"href":"https:\/\/www.pancho.si\/en\/wp-json\/wp\/v2\/media\/48558"}],"wp:attachment":[{"href":"https:\/\/www.pancho.si\/en\/wp-json\/wp\/v2\/media?parent=48541"}],"wp:term":[{"taxonomy":"product_cat","embeddable":true,"href":"https:\/\/www.pancho.si\/en\/wp-json\/wp\/v2\/product_cat?post=48541"},{"taxonomy":"product_tag","embeddable":true,"href":"https:\/\/www.pancho.si\/en\/wp-json\/wp\/v2\/product_tag?post=48541"}],"curies":[{"name":"wp","href":"https:\/\/api.w.org\/{rel}","templated":true}]}}