{"id":585,"date":"2021-05-03T09:54:52","date_gmt":"2021-05-03T09:54:52","guid":{"rendered":"https:\/\/www.pancho-shop.si\/?post_type=product&#038;p=585"},"modified":"2026-04-03T14:04:56","modified_gmt":"2026-04-03T14:04:56","slug":"dezni-plasc-za-psa-veliki-sef","status":"publish","type":"product","link":"https:\/\/www.pancho.si\/en\/product\/dezni-plasc-za-psa-veliki-sef\/","title":{"rendered":"THE BIG BOSS RAINCOAT FOR DOG"},"content":{"rendered":"<div data-elementor-type=\"product-post\" data-elementor-id=\"585\" class=\"elementor elementor-585\">\n\t\t\t\t\t\t\t\t\t<section class=\"elementor-section elementor-top-section elementor-element elementor-element-56513a55 elementor-section-full_width elementor-section-stretched elementor-section-height-default elementor-section-height-default\" data-id=\"56513a55\" data-element_type=\"section\" data-settings=\"{&quot;stretch_section&quot;:&quot;section-stretched&quot;}\">\n\t\t\t\t\t\t<div class=\"elementor-container elementor-column-gap-default\">\n\t\t\t\t\t<div class=\"elementor-column elementor-col-100 elementor-top-column elementor-element elementor-element-30463e63\" data-id=\"30463e63\" data-element_type=\"column\">\n\t\t\t<div class=\"elementor-widget-wrap elementor-element-populated\">\n\t\t\t\t\t\t\t\t<div class=\"elementor-element elementor-element-6d27486f elementor-widget elementor-widget-heading\" data-id=\"6d27486f\" data-element_type=\"widget\" data-widget_type=\"heading.default\">\n\t\t\t\t<div class=\"elementor-widget-container\">\n\t\t\t<style>\/*! elementor - v3.15.0 - 02-08-2023 *\/\n.elementor-heading-title{padding:0;margin:0;line-height:1}.elementor-widget-heading .elementor-heading-title[class*=elementor-size-]>a{color:inherit;font-size:inherit;line-height:inherit}.elementor-widget-heading .elementor-heading-title.elementor-size-small{font-size:15px}.elementor-widget-heading .elementor-heading-title.elementor-size-medium{font-size:19px}.elementor-widget-heading .elementor-heading-title.elementor-size-large{font-size:29px}.elementor-widget-heading .elementor-heading-title.elementor-size-xl{font-size:39px}.elementor-widget-heading .elementor-heading-title.elementor-size-xxl{font-size:59px}<\/style><h2 class=\"elementor-heading-title elementor-size-default\">FOR DOGS WITH CHARACTER <\/h2>\t\t<\/div>\n\t\t\t\t<\/div>\n\t\t\t\t<div class=\"elementor-element elementor-element-52322620 elementor-widget elementor-widget-text-editor\" data-id=\"52322620\" data-element_type=\"widget\" data-widget_type=\"text-editor.default\">\n\t\t\t\t<div class=\"elementor-widget-container\">\n\t\t\t<style>\/*! elementor - v3.15.0 - 02-08-2023 *\/\n.elementor-widget-text-editor.elementor-drop-cap-view-stacked .elementor-drop-cap{background-color:#69727d;color:#fff}.elementor-widget-text-editor.elementor-drop-cap-view-framed .elementor-drop-cap{color:#69727d;border:3px solid;background-color:transparent}.elementor-widget-text-editor:not(.elementor-drop-cap-view-default) .elementor-drop-cap{margin-top:8px}.elementor-widget-text-editor:not(.elementor-drop-cap-view-default) .elementor-drop-cap-letter{width:1em;height:1em}.elementor-widget-text-editor .elementor-drop-cap{float:left;text-align:center;line-height:1;font-size:50px}.elementor-widget-text-editor .elementor-drop-cap-letter{display:inline-block}<\/style>\t\t\t\t<p style=\"text-align: center;\" class=\" translation-block\">Made of water-repellent fabric, our raincoat will help your pup stay dry on rainy days and protect him from the wind. This waterproof raincoat will make sure that your dog stays dry and protected against the wind when outdoors. It is suitable both for long and short walks. The extended collar provides overall coverage and protection of the torso against atmospheric influences.\n<br>The raincoat has reflecting elements sewn in that make dog walking safe in the evening as well. There is an opening on the back side with a zipper to attach the harness.<\/p>\t\t\t\t\t\t<\/div>\n\t\t\t\t<\/div>\n\t\t\t\t<div class=\"elementor-element elementor-element-699c17e5 elementor-icon-list--layout-inline elementor-align-center elementor-mobile-align-left elementor-list-item-link-full_width elementor-widget elementor-widget-icon-list\" data-id=\"699c17e5\" data-element_type=\"widget\" data-widget_type=\"icon-list.default\">\n\t\t\t\t<div class=\"elementor-widget-container\">\n\t\t\t<link rel=\"stylesheet\" href=\"https:\/\/www.pancho.si\/wp-content\/plugins\/elementor\/assets\/css\/widget-icon-list.min.css\">\t\t<ul class=\"elementor-icon-list-items elementor-inline-items\">\n\t\t\t\t\t\t\t<li class=\"elementor-icon-list-item elementor-inline-item\">\n\t\t\t\t\t\t\t\t\t\t\t<span class=\"elementor-icon-list-icon\">\n\t\t\t\t\t\t\t<i aria-hidden=\"true\" class=\"fas fa-paw\"><\/i>\t\t\t\t\t\t<\/span>\n\t\t\t\t\t\t\t\t\t\t<span class=\"elementor-icon-list-text\">water repellent<\/span>\n\t\t\t\t\t\t\t\t\t<\/li>\n\t\t\t\t\t\t\t\t<li class=\"elementor-icon-list-item elementor-inline-item\">\n\t\t\t\t\t\t\t\t\t\t\t<span class=\"elementor-icon-list-icon\">\n\t\t\t\t\t\t\t<i aria-hidden=\"true\" class=\"fas fa-paw\"><\/i>\t\t\t\t\t\t<\/span>\n\t\t\t\t\t\t\t\t\t\t<span class=\"elementor-icon-list-text\">extended collar for maximum protection<\/span>\n\t\t\t\t\t\t\t\t\t<\/li>\n\t\t\t\t\t\t\t\t<li class=\"elementor-icon-list-item elementor-inline-item\">\n\t\t\t\t\t\t\t\t\t\t\t<span class=\"elementor-icon-list-icon\">\n\t\t\t\t\t\t\t<i aria-hidden=\"true\" class=\"fas fa-paw\"><\/i>\t\t\t\t\t\t<\/span>\n\t\t\t\t\t\t\t\t\t\t<span class=\"elementor-icon-list-text\">fastens with snaps around the belly<\/span>\n\t\t\t\t\t\t\t\t\t<\/li>\n\t\t\t\t\t\t\t\t<li class=\"elementor-icon-list-item elementor-inline-item\">\n\t\t\t\t\t\t\t\t\t\t\t<span class=\"elementor-icon-list-icon\">\n\t\t\t\t\t\t\t<i aria-hidden=\"true\" class=\"fas fa-paw\"><\/i>\t\t\t\t\t\t<\/span>\n\t\t\t\t\t\t\t\t\t\t<span class=\"elementor-icon-list-text\">opening on the back for a leash<\/span>\n\t\t\t\t\t\t\t\t\t<\/li>\n\t\t\t\t\t\t\t\t<li class=\"elementor-icon-list-item elementor-inline-item\">\n\t\t\t\t\t\t\t\t\t\t\t<span class=\"elementor-icon-list-icon\">\n\t\t\t\t\t\t\t<i aria-hidden=\"true\" class=\"fas fa-paw\"><\/i>\t\t\t\t\t\t<\/span>\n\t\t\t\t\t\t\t\t\t\t<span class=\"elementor-icon-list-text\">reflective elements for safe evening walks<\/span>\n\t\t\t\t\t\t\t\t\t<\/li>\n\t\t\t\t\t\t<\/ul>\n\t\t\t\t<\/div>\n\t\t\t\t<\/div>\n\t\t\t\t<div class=\"elementor-element elementor-element-58a546a8 elementor-widget elementor-widget-heading\" data-id=\"58a546a8\" data-element_type=\"widget\" id=\"size\" data-widget_type=\"heading.default\">\n\t\t\t\t<div class=\"elementor-widget-container\">\n\t\t\t<h2 class=\"elementor-heading-title elementor-size-default\">HOW TO MEASURE YOUR DOG<\/h2>\t\t<\/div>\n\t\t\t\t<\/div>\n\t\t\t\t<div class=\"elementor-element elementor-element-6b1e5877 elementor-widget elementor-widget-text-editor\" data-id=\"6b1e5877\" data-element_type=\"widget\" data-widget_type=\"text-editor.default\">\n\t\t\t\t<div class=\"elementor-widget-container\">\n\t\t\t\t\t\t\t<p style=\"text-align: center;\">Measurement are subjected to minor devations (up to 1 cm) due hand made production.<\/p>\t\t\t\t\t\t<\/div>\n\t\t\t\t<\/div>\n\t\t\t\t<section class=\"elementor-section elementor-inner-section elementor-element elementor-element-547bc869 elementor-section-boxed elementor-section-height-default elementor-section-height-default\" data-id=\"547bc869\" data-element_type=\"section\">\n\t\t\t\t\t\t<div class=\"elementor-container elementor-column-gap-default\">\n\t\t\t\t\t<div class=\"elementor-column elementor-col-50 elementor-inner-column elementor-element elementor-element-4e5c3d50\" data-id=\"4e5c3d50\" data-element_type=\"column\">\n\t\t\t<div class=\"elementor-widget-wrap elementor-element-populated\">\n\t\t\t\t\t\t\t\t<div class=\"elementor-element elementor-element-7600a94e elementor-widget elementor-widget-image\" data-id=\"7600a94e\" data-element_type=\"widget\" data-widget_type=\"image.default\">\n\t\t\t\t<div class=\"elementor-widget-container\">\n\t\t\t<style>\/*! elementor - v3.15.0 - 02-08-2023 *\/\n.elementor-widget-image{text-align:center}.elementor-widget-image a{display:inline-block}.elementor-widget-image a img[src$=\".svg\"]{width:48px}.elementor-widget-image img{vertical-align:middle;display:inline-block}<\/style>\t\t\t\t\t\t\t\t\t\t\t\t<img decoding=\"async\" width=\"337\" height=\"322\" src=\"https:\/\/www.pancho.si\/wp-content\/uploads\/2021\/08\/veliki-plascki-min.png\" class=\"attachment-large size-large wp-image-39526\" alt=\"Tabela velikosti veliki sef\" srcset=\"https:\/\/www.pancho.si\/wp-content\/uploads\/2021\/08\/veliki-plascki-min.png 351w, https:\/\/www.pancho.si\/wp-content\/uploads\/2021\/08\/veliki-plascki-min-232x300.png 232w, https:\/\/www.pancho.si\/wp-content\/uploads\/2021\/08\/veliki-plascki-min-9x12.png 9w\" sizes=\"(max-width: 337px) 100vw, 337px\" \/>\t\t\t\t\t\t\t\t\t\t\t\t\t\t\t<\/div>\n\t\t\t\t<\/div>\n\t\t\t\t\t<\/div>\n\t\t<\/div>\n\t\t\t\t<div class=\"elementor-column elementor-col-50 elementor-inner-column elementor-element elementor-element-183d5a18\" data-id=\"183d5a18\" data-element_type=\"column\">\n\t\t\t<div class=\"elementor-widget-wrap elementor-element-populated\">\n\t\t\t\t\t\t\t\t<div class=\"elementor-element elementor-element-2f2a476b elementor-widget elementor-widget-image\" data-id=\"2f2a476b\" data-element_type=\"widget\" data-widget_type=\"image.default\">\n\t\t\t\t<div class=\"elementor-widget-container\">\n\t\t\t\t\t\t\t\t\t\t\t\t\t\t\t<img decoding=\"async\" width=\"619\" height=\"499\" src=\"https:\/\/www.pancho.si\/wp-content\/uploads\/2021\/05\/size_chart_pancho_other_v2_3_xxl2-min.jpg\" class=\"attachment-large size-large wp-image-39498\" alt=\"Meritve Pes\" srcset=\"https:\/\/www.pancho.si\/wp-content\/uploads\/2021\/05\/size_chart_pancho_other_v2_3_xxl2-min.jpg 619w,  https:\/\/www.pancho.si\/wp-content\/uploads\/2021\/05\/size_chart_pancho_other_v2_3_xxl2-min-300x242.jpg 300w,  https:\/\/www.pancho.si\/wp-content\/uploads\/2021\/05\/size_chart_pancho_other_v2_3_xxl2-min-16x12.jpg 16w\" sizes=\"(max-width: 619px) 100vw, 619px\" \/>\t\t\t\t\t\t\t\t\t\t\t\t\t\t\t<\/div>\n\t\t\t\t<\/div>\n\t\t\t\t<div class=\"elementor-element elementor-element-74045c9 elementor-icon-list--layout-inline elementor-align-center elementor-mobile-align-left elementor-list-item-link-full_width elementor-widget elementor-widget-icon-list\" data-id=\"74045c9\" data-element_type=\"widget\" data-widget_type=\"icon-list.default\">\n\t\t\t\t<div class=\"elementor-widget-container\">\n\t\t\t\t\t<ul class=\"elementor-icon-list-items elementor-inline-items\">\n\t\t\t\t\t\t\t<li class=\"elementor-icon-list-item elementor-inline-item\">\n\t\t\t\t\t\t\t\t\t\t\t<span class=\"elementor-icon-list-icon\">\n\t\t\t\t\t\t\t<i aria-hidden=\"true\" class=\"fas fa-paw\"><\/i>\t\t\t\t\t\t<\/span>\n\t\t\t\t\t\t\t\t\t\t<span class=\"elementor-icon-list-text\">Pancho recommends: When in doubt take one size larger. <\/span>\n\t\t\t\t\t\t\t\t\t<\/li>\n\t\t\t\t\t\t<\/ul>\n\t\t\t\t<\/div>\n\t\t\t\t<\/div>\n\t\t\t\t<div class=\"elementor-element elementor-element-683317a0 elementor-widget elementor-widget-text-editor\" data-id=\"683317a0\" data-element_type=\"widget\" data-widget_type=\"text-editor.default\">\n\t\t\t\t<div class=\"elementor-widget-container\">\n\t\t\t\t\t\t\t<p style=\"text-align: center;\">For most dogs, measurements A, B and C are sufficient. For the perfectionists, we measured everything that is measurable.<\/p>\t\t\t\t\t\t<\/div>\n\t\t\t\t<\/div>\n\t\t\t\t\t<\/div>\n\t\t<\/div>\n\t\t\t\t\t\t\t<\/div>\n\t\t<\/section>\n\t\t\t\t\t<\/div>\n\t\t<\/div>\n\t\t\t\t\t\t\t<\/div>\n\t\t<\/section>\n\t\t\t\t\t\t\t<\/div>","protected":false},"excerpt":{"rendered":"<p>Made of water-repellent fabric, our raincoat will help your pup stay dry on rainy days and protect him from the wind.<\/p>\n<p>&nbsp;<\/p>\n<table border=\"0\" cellspacing=\"0\" cellpadding=\"0\" align=\"center\">\n<tbody>\n<tr>\n<td><strong><img decoding=\"async\" src=\"https:\/\/www.pancho.si\/wp-content\/uploads\/2021\/09\/tacka-1.png\" alt=\"\" width=\"20\" height=\"20\" \/><\/strong><\/td>\n<td><strong>water repellent<\/strong><\/td>\n<\/tr>\n<tr>\n<td><strong><img decoding=\"async\" src=\"https:\/\/www.pancho.si\/wp-content\/uploads\/2021\/09\/tacka-1.png\" alt=\"\" width=\"20\" height=\"20\" \/><\/strong><\/td>\n<td><strong>extended collar for maximum protection<\/strong><\/td>\n<\/tr>\n<tr>\n<td><strong><img decoding=\"async\" src=\"https:\/\/www.pancho.si\/wp-content\/uploads\/2021\/09\/tacka-1.png\" alt=\"\" width=\"20\" height=\"20\" \/><\/strong><\/td>\n<td><strong>fastens with snaps around the belly<\/strong><\/td>\n<\/tr>\n<tr>\n<td><strong><img decoding=\"async\" src=\"https:\/\/www.pancho.si\/wp-content\/uploads\/2021\/09\/tacka-1.png\" alt=\"\" width=\"20\" height=\"20\" \/><\/strong><\/td>\n<td><strong>opening on the back for a leash<\/strong><\/td>\n<\/tr>\n<tr>\n<td><strong><img decoding=\"async\" src=\"https:\/\/www.pancho.si\/wp-content\/uploads\/2021\/09\/tacka-1.png\" alt=\"\" width=\"20\" height=\"20\" \/><\/strong><\/td>\n<td><strong>reflective elements for safe evening walks<\/strong><\/td>\n<\/tr>\n<\/tbody>\n<\/table>","protected":false},"featured_media":1224,"comment_status":"open","ping_status":"closed","template":"","meta":{"inline_featured_image":false},"product_cat":[24,265],"product_tag":[289],"class_list":["post-585","product","type-product","status-publish","has-post-thumbnail","hentry","product_cat-dezni-plascki","product_cat-vsi-izdelki","product_tag-dezni-plasc-za-psa-veliki-sef"],"yoast_head":"<!-- This site is optimized with the Yoast SEO plugin v20.12 - https:\/\/yoast.com\/wordpress\/plugins\/seo\/ -->\n<title>DE\u017dNI PLA\u0160\u010c ZA PSA VELIKI \u0160EF - Pancho<\/title>\n<meta name=\"robots\" content=\"index, follow, max-snippet:-1, max-image-preview:large, max-video-preview:-1\" \/>\n<link rel=\"canonical\" href=\"https:\/\/www.pancho.si\/en\/product\/dezni-plasc-za-psa-veliki-sef\/\" \/>\n<meta property=\"og:locale\" content=\"en_US\" \/>\n<meta property=\"og:type\" content=\"article\" \/>\n<meta property=\"og:title\" content=\"DE\u017dNI PLA\u0160\u010c ZA PSA VELIKI \u0160EF - Pancho\" \/>\n<meta property=\"og:description\" content=\"Vodoodbojni de\u017eni pla\u0161\u010d bo poskrbel, da bo va\u0161 ku\u017eek med sprehodi ostal suh in za\u0161\u010diten pred vetrom.  &nbsp;     vodoodbojen    podalj\u0161an ovratnik za popolno za\u0161\u010dito    pas z gurtno za popolno prileganje    priro\u010dna odprtina za ovratnico ali oprsnico    odbojni elementi za varne ve\u010derne sprehode\" \/>\n<meta property=\"og:url\" content=\"https:\/\/www.pancho.si\/en\/product\/dezni-plasc-za-psa-veliki-sef\/\" \/>\n<meta property=\"og:site_name\" content=\"Pancho\" \/>\n<meta property=\"article:publisher\" content=\"https:\/\/www.facebook.com\/Pancho.trgovina\/\" \/>\n<meta property=\"article:modified_time\" content=\"2026-04-03T14:04:56+00:00\" \/>\n<meta property=\"og:image\" content=\"https:\/\/www.pancho.si\/wp-content\/uploads\/2021\/05\/oblacila-za-pse-Pancho-Rhodesian-ridgeback-pasji-dezni-plasc-1_1_b-min.jpg\" \/>\n\t<meta property=\"og:image:width\" content=\"1620\" \/>\n\t<meta property=\"og:image:height\" content=\"1080\" \/>\n\t<meta property=\"og:image:type\" content=\"image\/jpeg\" \/>\n<meta name=\"twitter:card\" content=\"summary_large_image\" \/>\n<meta name=\"twitter:label1\" content=\"Est. reading time\" \/>\n\t<meta name=\"twitter:data1\" content=\"2 minutes\" \/>\n<script type=\"application\/ld+json\" class=\"yoast-schema-graph\">{\"@context\":\"https:\/\/schema.org\",\"@graph\":[{\"@type\":\"WebPage\",\"@id\":\"https:\/\/www.pancho.si\/izdelek\/dezni-plasc-za-psa-veliki-sef\/\",\"url\":\"https:\/\/www.pancho.si\/izdelek\/dezni-plasc-za-psa-veliki-sef\/\",\"name\":\"DE\u017dNI PLA\u0160\u010c ZA PSA VELIKI \u0160EF - Pancho\",\"isPartOf\":{\"@id\":\"https:\/\/www.pancho.si\/#website\"},\"datePublished\":\"2021-05-03T09:54:52+00:00\",\"dateModified\":\"2026-04-03T14:04:56+00:00\",\"breadcrumb\":{\"@id\":\"https:\/\/www.pancho.si\/izdelek\/dezni-plasc-za-psa-veliki-sef\/#breadcrumb\"},\"inLanguage\":\"en-US\",\"potentialAction\":[{\"@type\":\"ReadAction\",\"target\":[\"https:\/\/www.pancho.si\/izdelek\/dezni-plasc-za-psa-veliki-sef\/\"]}]},{\"@type\":\"BreadcrumbList\",\"@id\":\"https:\/\/www.pancho.si\/izdelek\/dezni-plasc-za-psa-veliki-sef\/#breadcrumb\",\"itemListElement\":[{\"@type\":\"ListItem\",\"position\":1,\"name\":\"Domov\",\"item\":\"https:\/\/www.pancho.si\/\"},{\"@type\":\"ListItem\",\"position\":2,\"name\":\"Trgovina\",\"item\":\"https:\/\/www.pancho.si\/en\/trgovina-2\/\"},{\"@type\":\"ListItem\",\"position\":3,\"name\":\"DE\u017dNI PLA\u0160\u010c ZA PSA VELIKI \u0160EF\"}]},{\"@type\":\"WebSite\",\"@id\":\"https:\/\/www.pancho.si\/#website\",\"url\":\"https:\/\/www.pancho.si\/\",\"name\":\"Pancho\",\"description\":\"Pancho\",\"publisher\":{\"@id\":\"https:\/\/www.pancho.si\/#organization\"},\"potentialAction\":[{\"@type\":\"SearchAction\",\"target\":{\"@type\":\"EntryPoint\",\"urlTemplate\":\"https:\/\/www.pancho.si\/?s={search_term_string}\"},\"query-input\":\"required name=search_term_string\"}],\"inLanguage\":\"en-US\"},{\"@type\":\"Organization\",\"@id\":\"https:\/\/www.pancho.si\/#organization\",\"name\":\"Pancho\",\"url\":\"https:\/\/www.pancho.si\/\",\"logo\":{\"@type\":\"ImageObject\",\"inLanguage\":\"en-US\",\"@id\":\"https:\/\/www.pancho.si\/#\/schema\/logo\/image\/\",\"url\":\"https:\/\/www.pancho.si\/wp-content\/uploads\/2021\/05\/Untitled_design_40_x100.png\",\"contentUrl\":\"https:\/\/www.pancho.si\/wp-content\/uploads\/2021\/05\/Untitled_design_40_x100.png\",\"width\":100,\"height\":100,\"caption\":\"Pancho\"},\"image\":{\"@id\":\"https:\/\/www.pancho.si\/#\/schema\/logo\/image\/\"},\"sameAs\":[\"https:\/\/www.facebook.com\/Pancho.trgovina\/\",\"https:\/\/www.instagram.com\/pancho.si\/\",\"https:\/\/www.pinterest.com\/PanchoSi\/\"]}]}<\/script>\n<!-- \/ Yoast SEO plugin. -->","yoast_head_json":{"title":"DE\u017dNI PLA\u0160\u010c ZA PSA VELIKI \u0160EF - Pancho","robots":{"index":"index","follow":"follow","max-snippet":"max-snippet:-1","max-image-preview":"max-image-preview:large","max-video-preview":"max-video-preview:-1"},"canonical":"https:\/\/www.pancho.si\/en\/product\/dezni-plasc-za-psa-veliki-sef\/","og_locale":"en_US","og_type":"article","og_title":"DE\u017dNI PLA\u0160\u010c ZA PSA VELIKI \u0160EF - Pancho","og_description":"Vodoodbojni de\u017eni pla\u0161\u010d bo poskrbel, da bo va\u0161 ku\u017eek med sprehodi ostal suh in za\u0161\u010diten pred vetrom.  &nbsp;     vodoodbojen    podalj\u0161an ovratnik za popolno za\u0161\u010dito    pas z gurtno za popolno prileganje    priro\u010dna odprtina za ovratnico ali oprsnico    odbojni elementi za varne ve\u010derne sprehode","og_url":"https:\/\/www.pancho.si\/en\/product\/dezni-plasc-za-psa-veliki-sef\/","og_site_name":"Pancho","article_publisher":"https:\/\/www.facebook.com\/Pancho.trgovina\/","article_modified_time":"2026-04-03T14:04:56+00:00","og_image":[{"width":1620,"height":1080,"url":"https:\/\/www.pancho.si\/wp-content\/uploads\/2021\/05\/oblacila-za-pse-Pancho-Rhodesian-ridgeback-pasji-dezni-plasc-1_1_b-min.jpg","type":"image\/jpeg"}],"twitter_card":"summary_large_image","twitter_misc":{"Est. reading time":"2 minutes"},"schema":{"@context":"https:\/\/schema.org","@graph":[{"@type":"WebPage","@id":"https:\/\/www.pancho.si\/izdelek\/dezni-plasc-za-psa-veliki-sef\/","url":"https:\/\/www.pancho.si\/izdelek\/dezni-plasc-za-psa-veliki-sef\/","name":"DE\u017dNI PLA\u0160\u010c ZA PSA VELIKI \u0160EF - Pancho","isPartOf":{"@id":"https:\/\/www.pancho.si\/#website"},"datePublished":"2021-05-03T09:54:52+00:00","dateModified":"2026-04-03T14:04:56+00:00","breadcrumb":{"@id":"https:\/\/www.pancho.si\/izdelek\/dezni-plasc-za-psa-veliki-sef\/#breadcrumb"},"inLanguage":"en-US","potentialAction":[{"@type":"ReadAction","target":["https:\/\/www.pancho.si\/izdelek\/dezni-plasc-za-psa-veliki-sef\/"]}]},{"@type":"BreadcrumbList","@id":"https:\/\/www.pancho.si\/izdelek\/dezni-plasc-za-psa-veliki-sef\/#breadcrumb","itemListElement":[{"@type":"ListItem","position":1,"name":"Domov","item":"https:\/\/www.pancho.si\/"},{"@type":"ListItem","position":2,"name":"Trgovina","item":"https:\/\/www.pancho.si\/en\/trgovina-2\/"},{"@type":"ListItem","position":3,"name":"DE\u017dNI PLA\u0160\u010c ZA PSA VELIKI \u0160EF"}]},{"@type":"WebSite","@id":"https:\/\/www.pancho.si\/#website","url":"https:\/\/www.pancho.si\/","name":"Pancho","description":"Pancho","publisher":{"@id":"https:\/\/www.pancho.si\/#organization"},"potentialAction":[{"@type":"SearchAction","target":{"@type":"EntryPoint","urlTemplate":"https:\/\/www.pancho.si\/?s={search_term_string}"},"query-input":"required name=search_term_string"}],"inLanguage":"en-US"},{"@type":"Organization","@id":"https:\/\/www.pancho.si\/#organization","name":"Pancho","url":"https:\/\/www.pancho.si\/","logo":{"@type":"ImageObject","inLanguage":"en-US","@id":"https:\/\/www.pancho.si\/#\/schema\/logo\/image\/","url":"https:\/\/www.pancho.si\/wp-content\/uploads\/2021\/05\/Untitled_design_40_x100.png","contentUrl":"https:\/\/www.pancho.si\/wp-content\/uploads\/2021\/05\/Untitled_design_40_x100.png","width":100,"height":100,"caption":"Pancho"},"image":{"@id":"https:\/\/www.pancho.si\/#\/schema\/logo\/image\/"},"sameAs":["https:\/\/www.facebook.com\/Pancho.trgovina\/","https:\/\/www.instagram.com\/pancho.si\/","https:\/\/www.pinterest.com\/PanchoSi\/"]}]}},"_links":{"self":[{"href":"https:\/\/www.pancho.si\/en\/wp-json\/wp\/v2\/product\/585","targetHints":{"allow":["GET"]}}],"collection":[{"href":"https:\/\/www.pancho.si\/en\/wp-json\/wp\/v2\/product"}],"about":[{"href":"https:\/\/www.pancho.si\/en\/wp-json\/wp\/v2\/types\/product"}],"replies":[{"embeddable":true,"href":"https:\/\/www.pancho.si\/en\/wp-json\/wp\/v2\/comments?post=585"}],"version-history":[{"count":5,"href":"https:\/\/www.pancho.si\/en\/wp-json\/wp\/v2\/product\/585\/revisions"}],"predecessor-version":[{"id":49145,"href":"https:\/\/www.pancho.si\/en\/wp-json\/wp\/v2\/product\/585\/revisions\/49145"}],"wp:featuredmedia":[{"embeddable":true,"href":"https:\/\/www.pancho.si\/en\/wp-json\/wp\/v2\/media\/1224"}],"wp:attachment":[{"href":"https:\/\/www.pancho.si\/en\/wp-json\/wp\/v2\/media?parent=585"}],"wp:term":[{"taxonomy":"product_cat","embeddable":true,"href":"https:\/\/www.pancho.si\/en\/wp-json\/wp\/v2\/product_cat?post=585"},{"taxonomy":"product_tag","embeddable":true,"href":"https:\/\/www.pancho.si\/en\/wp-json\/wp\/v2\/product_tag?post=585"}],"curies":[{"name":"wp","href":"https:\/\/api.w.org\/{rel}","templated":true}]}}