{"id":918,"date":"2021-05-07T10:46:21","date_gmt":"2021-05-07T10:46:21","guid":{"rendered":"https:\/\/www.pancho-shop.si\/?post_type=product&#038;p=918"},"modified":"2023-10-13T13:01:52","modified_gmt":"2023-10-13T13:01:52","slug":"oblacilo-za-psa-miki","status":"publish","type":"product","link":"https:\/\/www.pancho.si\/en\/product\/oblacilo-za-psa-miki\/","title":{"rendered":"MICKEY JUMPSUIT FOR DOG"},"content":{"rendered":"<div data-elementor-type=\"product-post\" data-elementor-id=\"918\" class=\"elementor elementor-918\">\n\t\t\t\t\t\t\t\t\t<section class=\"elementor-section elementor-top-section elementor-element elementor-element-7b6a95c3 elementor-section-full_width elementor-section-stretched elementor-section-height-default elementor-section-height-default\" data-id=\"7b6a95c3\" data-element_type=\"section\" data-settings=\"{&quot;stretch_section&quot;:&quot;section-stretched&quot;}\">\n\t\t\t\t\t\t<div class=\"elementor-container elementor-column-gap-default\">\n\t\t\t\t\t<div class=\"elementor-column elementor-col-100 elementor-top-column elementor-element elementor-element-110db72a\" data-id=\"110db72a\" data-element_type=\"column\">\n\t\t\t<div class=\"elementor-widget-wrap elementor-element-populated\">\n\t\t\t\t\t\t\t\t<div class=\"elementor-element elementor-element-7c5f46d7 elementor-widget elementor-widget-heading\" data-id=\"7c5f46d7\" data-element_type=\"widget\" data-widget_type=\"heading.default\">\n\t\t\t\t<div class=\"elementor-widget-container\">\n\t\t\t<style>\/*! elementor - v3.15.0 - 02-08-2023 *\/\n.elementor-heading-title{padding:0;margin:0;line-height:1}.elementor-widget-heading .elementor-heading-title[class*=elementor-size-]>a{color:inherit;font-size:inherit;line-height:inherit}.elementor-widget-heading .elementor-heading-title.elementor-size-small{font-size:15px}.elementor-widget-heading .elementor-heading-title.elementor-size-medium{font-size:19px}.elementor-widget-heading .elementor-heading-title.elementor-size-large{font-size:29px}.elementor-widget-heading .elementor-heading-title.elementor-size-xl{font-size:39px}.elementor-widget-heading .elementor-heading-title.elementor-size-xxl{font-size:59px}<\/style><h2 class=\"elementor-heading-title elementor-size-default\">FOR DOGS WITH CHARACTER <\/h2>\t\t<\/div>\n\t\t\t\t<\/div>\n\t\t\t\t<div class=\"elementor-element elementor-element-14579471 elementor-widget elementor-widget-text-editor\" data-id=\"14579471\" data-element_type=\"widget\" data-widget_type=\"text-editor.default\">\n\t\t\t\t<div class=\"elementor-widget-container\">\n\t\t\t<style>\/*! elementor - v3.15.0 - 02-08-2023 *\/\n.elementor-widget-text-editor.elementor-drop-cap-view-stacked .elementor-drop-cap{background-color:#69727d;color:#fff}.elementor-widget-text-editor.elementor-drop-cap-view-framed .elementor-drop-cap{color:#69727d;border:3px solid;background-color:transparent}.elementor-widget-text-editor:not(.elementor-drop-cap-view-default) .elementor-drop-cap{margin-top:8px}.elementor-widget-text-editor:not(.elementor-drop-cap-view-default) .elementor-drop-cap-letter{width:1em;height:1em}.elementor-widget-text-editor .elementor-drop-cap{float:left;text-align:center;line-height:1;font-size:50px}.elementor-widget-text-editor .elementor-drop-cap-letter{display:inline-block}<\/style>\t\t\t\t<p>Thanks to its comfortable fit this single-coloured dog jacket makes for casual indoor and outdoor wear. On the chest it has button closure from top to bottom, ribbed hem and cuffs, ears are sewn on the hood. Fixed hood with drawstrings makes sure the entire body is covered and protected from outside influences.<\/p>\t\t\t\t\t\t<\/div>\n\t\t\t\t<\/div>\n\t\t\t\t<div class=\"elementor-element elementor-element-aadd116 elementor-icon-list--layout-inline elementor-align-center elementor-mobile-align-left elementor-list-item-link-full_width elementor-widget elementor-widget-icon-list\" data-id=\"aadd116\" data-element_type=\"widget\" data-widget_type=\"icon-list.default\">\n\t\t\t\t<div class=\"elementor-widget-container\">\n\t\t\t<link rel=\"stylesheet\" href=\"https:\/\/www.pancho.si\/wp-content\/plugins\/elementor\/assets\/css\/widget-icon-list.min.css\">\t\t<ul class=\"elementor-icon-list-items elementor-inline-items\">\n\t\t\t\t\t\t\t<li class=\"elementor-icon-list-item elementor-inline-item\">\n\t\t\t\t\t\t\t\t\t\t\t<span class=\"elementor-icon-list-icon\">\n\t\t\t\t\t\t\t<i aria-hidden=\"true\" class=\"fas fa-paw\"><\/i>\t\t\t\t\t\t<\/span>\n\t\t\t\t\t\t\t\t\t\t<span class=\"elementor-icon-list-text\">loose fit<\/span>\n\t\t\t\t\t\t\t\t\t<\/li>\n\t\t\t\t\t\t\t\t<li class=\"elementor-icon-list-item elementor-inline-item\">\n\t\t\t\t\t\t\t\t\t\t\t<span class=\"elementor-icon-list-icon\">\n\t\t\t\t\t\t\t<i aria-hidden=\"true\" class=\"fas fa-paw\"><\/i>\t\t\t\t\t\t<\/span>\n\t\t\t\t\t\t\t\t\t\t<span class=\"elementor-icon-list-text\">fixed hood with drawstrings<\/span>\n\t\t\t\t\t\t\t\t\t<\/li>\n\t\t\t\t\t\t\t\t<li class=\"elementor-icon-list-item elementor-inline-item\">\n\t\t\t\t\t\t\t\t\t\t\t<span class=\"elementor-icon-list-icon\">\n\t\t\t\t\t\t\t<i aria-hidden=\"true\" class=\"fas fa-paw\"><\/i>\t\t\t\t\t\t<\/span>\n\t\t\t\t\t\t\t\t\t\t<span class=\"elementor-icon-list-text\">ribbed sleeves<\/span>\n\t\t\t\t\t\t\t\t\t<\/li>\n\t\t\t\t\t\t\t\t<li class=\"elementor-icon-list-item elementor-inline-item\">\n\t\t\t\t\t\t\t\t\t\t\t<span class=\"elementor-icon-list-icon\">\n\t\t\t\t\t\t\t<i aria-hidden=\"true\" class=\"fas fa-paw\"><\/i>\t\t\t\t\t\t<\/span>\n\t\t\t\t\t\t\t\t\t\t<span class=\"elementor-icon-list-text\">zipper<\/span>\n\t\t\t\t\t\t\t\t\t<\/li>\n\t\t\t\t\t\t<\/ul>\n\t\t\t\t<\/div>\n\t\t\t\t<\/div>\n\t\t\t\t<div class=\"elementor-element elementor-element-5a963ef0 elementor-widget elementor-widget-heading\" data-id=\"5a963ef0\" data-element_type=\"widget\" id=\"size\" data-widget_type=\"heading.default\">\n\t\t\t\t<div class=\"elementor-widget-container\">\n\t\t\t<h2 class=\"elementor-heading-title elementor-size-default\">HOW TO MEASURE YOUR DOG<\/h2>\t\t<\/div>\n\t\t\t\t<\/div>\n\t\t\t\t<div class=\"elementor-element elementor-element-60ee4eb3 elementor-widget elementor-widget-text-editor\" data-id=\"60ee4eb3\" data-element_type=\"widget\" data-widget_type=\"text-editor.default\">\n\t\t\t\t<div class=\"elementor-widget-container\">\n\t\t\t\t\t\t\t<p style=\"text-align: center;\">Shrinking: up to 5 % \/\/ measurement are subjected to minor devations (up to 1 cm) due hand made production.<\/p>\t\t\t\t\t\t<\/div>\n\t\t\t\t<\/div>\n\t\t\t\t<div class=\"elementor-element elementor-element-41880c58 elementor-widget elementor-widget-text-editor\" data-id=\"41880c58\" data-element_type=\"widget\" data-widget_type=\"text-editor.default\">\n\t\t\t\t<div class=\"elementor-widget-container\">\n\t\t\t\t\t\t\t<p style=\"text-align: center;\">Material: 60 % cotton, 35 % polyiester, 5 % elestane<\/p>\t\t\t\t\t\t<\/div>\n\t\t\t\t<\/div>\n\t\t\t\t<section class=\"elementor-section elementor-inner-section elementor-element elementor-element-6ec60436 elementor-section-boxed elementor-section-height-default elementor-section-height-default\" data-id=\"6ec60436\" data-element_type=\"section\">\n\t\t\t\t\t\t<div class=\"elementor-container elementor-column-gap-default\">\n\t\t\t\t\t<div class=\"elementor-column elementor-col-50 elementor-inner-column elementor-element elementor-element-371bf734\" data-id=\"371bf734\" data-element_type=\"column\">\n\t\t\t<div class=\"elementor-widget-wrap elementor-element-populated\">\n\t\t\t\t\t\t\t\t<div class=\"elementor-element elementor-element-4fdc9537 elementor-widget elementor-widget-image\" data-id=\"4fdc9537\" data-element_type=\"widget\" data-widget_type=\"image.default\">\n\t\t\t\t<div class=\"elementor-widget-container\">\n\t\t\t<style>\/*! elementor - v3.15.0 - 02-08-2023 *\/\n.elementor-widget-image{text-align:center}.elementor-widget-image a{display:inline-block}.elementor-widget-image a img[src$=\".svg\"]{width:48px}.elementor-widget-image img{vertical-align:middle;display:inline-block}<\/style>\t\t\t\t\t\t\t\t\t\t\t\t<img decoding=\"async\" width=\"541\" height=\"484\" src=\"https:\/\/www.pancho.si\/wp-content\/uploads\/2021\/08\/zajcek-panda-kameleon...-min.png\" class=\"attachment-large size-large wp-image-39522\" alt=\"Tabela velikosti Metulj, Mocerad, Kameleon, Zajcek, Panda in Jezek\" srcset=\"https:\/\/www.pancho.si\/wp-content\/uploads\/2021\/08\/zajcek-panda-kameleon...-min.png 638w, https:\/\/www.pancho.si\/wp-content\/uploads\/2021\/08\/zajcek-panda-kameleon...-min-283x300.png 283w, https:\/\/www.pancho.si\/wp-content\/uploads\/2021\/08\/zajcek-panda-kameleon...-min-11x12.png 11w\" sizes=\"(max-width: 541px) 100vw, 541px\" \/>\t\t\t\t\t\t\t\t\t\t\t\t\t\t\t<\/div>\n\t\t\t\t<\/div>\n\t\t\t\t\t<\/div>\n\t\t<\/div>\n\t\t\t\t<div class=\"elementor-column elementor-col-50 elementor-inner-column elementor-element elementor-element-3e331890\" data-id=\"3e331890\" data-element_type=\"column\">\n\t\t\t<div class=\"elementor-widget-wrap elementor-element-populated\">\n\t\t\t\t\t\t\t\t<div class=\"elementor-element elementor-element-3a497929 elementor-widget elementor-widget-image\" data-id=\"3a497929\" data-element_type=\"widget\" data-widget_type=\"image.default\">\n\t\t\t\t<div class=\"elementor-widget-container\">\n\t\t\t\t\t\t\t\t\t\t\t\t\t\t\t<img decoding=\"async\" width=\"619\" height=\"499\" src=\"https:\/\/www.pancho.si\/wp-content\/uploads\/2021\/05\/size_chart_pancho_other_v2_3_xxl2-min.jpg\" class=\"attachment-large size-large wp-image-39498\" alt=\"Meritve Pes\" srcset=\"https:\/\/www.pancho.si\/wp-content\/uploads\/2021\/05\/size_chart_pancho_other_v2_3_xxl2-min.jpg 619w,  https:\/\/www.pancho.si\/wp-content\/uploads\/2021\/05\/size_chart_pancho_other_v2_3_xxl2-min-300x242.jpg 300w,  https:\/\/www.pancho.si\/wp-content\/uploads\/2021\/05\/size_chart_pancho_other_v2_3_xxl2-min-16x12.jpg 16w\" sizes=\"(max-width: 619px) 100vw, 619px\" \/>\t\t\t\t\t\t\t\t\t\t\t\t\t\t\t<\/div>\n\t\t\t\t<\/div>\n\t\t\t\t<div class=\"elementor-element elementor-element-ee8f12c elementor-icon-list--layout-inline elementor-align-center elementor-mobile-align-left elementor-list-item-link-full_width elementor-widget elementor-widget-icon-list\" data-id=\"ee8f12c\" data-element_type=\"widget\" data-widget_type=\"icon-list.default\">\n\t\t\t\t<div class=\"elementor-widget-container\">\n\t\t\t\t\t<ul class=\"elementor-icon-list-items elementor-inline-items\">\n\t\t\t\t\t\t\t<li class=\"elementor-icon-list-item elementor-inline-item\">\n\t\t\t\t\t\t\t\t\t\t\t<span class=\"elementor-icon-list-icon\">\n\t\t\t\t\t\t\t<i aria-hidden=\"true\" class=\"fas fa-paw\"><\/i>\t\t\t\t\t\t<\/span>\n\t\t\t\t\t\t\t\t\t\t<span class=\"elementor-icon-list-text\">Pancho recommends: When in doubt take one size larger. <\/span>\n\t\t\t\t\t\t\t\t\t<\/li>\n\t\t\t\t\t\t<\/ul>\n\t\t\t\t<\/div>\n\t\t\t\t<\/div>\n\t\t\t\t<div class=\"elementor-element elementor-element-43de2560 elementor-widget elementor-widget-text-editor\" data-id=\"43de2560\" data-element_type=\"widget\" data-widget_type=\"text-editor.default\">\n\t\t\t\t<div class=\"elementor-widget-container\">\n\t\t\t\t\t\t\t<p style=\"text-align: center;\">For most dogs, measurements A, B and C are sufficient. For the perfectionists, we measured everything that is measurable.<\/p>\t\t\t\t\t\t<\/div>\n\t\t\t\t<\/div>\n\t\t\t\t\t<\/div>\n\t\t<\/div>\n\t\t\t\t\t\t\t<\/div>\n\t\t<\/section>\n\t\t\t\t\t<\/div>\n\t\t<\/div>\n\t\t\t\t\t\t\t<\/div>\n\t\t<\/section>\n\t\t\t\t\t\t\t<\/div>","protected":false},"excerpt":{"rendered":"<p>Thanks to its comfortable fit this single-colored dog jacket makes for casual indoor and outdoor wear.<\/p>\n<p>&nbsp;<\/p>\n<table border=\"0\" cellspacing=\"0\" cellpadding=\"0\" align=\"center\">\n<tbody>\n<tr>\n<td><strong><img decoding=\"async\" src=\"https:\/\/www.pancho.si\/wp-content\/uploads\/2021\/09\/tacka-1.png\" alt=\"\" width=\"20\" height=\"20\" \/><\/strong><\/td>\n<td><strong>loose fit<\/strong><\/td>\n<\/tr>\n<tr>\n<td><strong><img decoding=\"async\" src=\"https:\/\/www.pancho.si\/wp-content\/uploads\/2021\/09\/tacka-1.png\" alt=\"\" width=\"20\" height=\"20\" \/><\/strong><\/td>\n<td><strong>fixed hood with drawstrings<\/strong><\/td>\n<\/tr>\n<tr>\n<td><strong><img decoding=\"async\" src=\"https:\/\/www.pancho.si\/wp-content\/uploads\/2021\/09\/tacka-1.png\" alt=\"\" width=\"20\" height=\"20\" \/><\/strong><\/td>\n<td><strong>ribbed sleeves<\/strong><\/td>\n<\/tr>\n<tr>\n<td><strong><img decoding=\"async\" src=\"https:\/\/www.pancho.si\/wp-content\/uploads\/2021\/09\/tacka-1.png\" alt=\"\" width=\"20\" height=\"20\" \/><\/strong><\/td>\n<td><strong>zipper<\/strong><\/td>\n<\/tr>\n<\/tbody>\n<\/table>","protected":false},"featured_media":1116,"comment_status":"open","ping_status":"closed","template":"","meta":{"inline_featured_image":false},"product_cat":[25,265],"product_tag":[274],"class_list":["post-918","product","type-product","status-publish","has-post-thumbnail","hentry","product_cat-obleke-za-pse","product_cat-vsi-izdelki","product_tag-oblacilo-za-psa-miki"],"yoast_head":"<!-- This site is optimized with the Yoast SEO plugin v20.12 - https:\/\/yoast.com\/wordpress\/plugins\/seo\/ -->\n<title>OBLA\u010cILO ZA PSA MIKI - Pancho<\/title>\n<meta name=\"robots\" content=\"index, follow, max-snippet:-1, max-image-preview:large, max-video-preview:-1\" \/>\n<link rel=\"canonical\" href=\"https:\/\/www.pancho.si\/en\/product\/oblacilo-za-psa-miki\/\" \/>\n<meta property=\"og:locale\" content=\"en_US\" \/>\n<meta property=\"og:type\" content=\"article\" \/>\n<meta property=\"og:title\" content=\"OBLA\u010cILO ZA PSA MIKI - Pancho\" \/>\n<meta property=\"og:description\" content=\"Enobarvno obla\u010dilo je zahvaljujo\u010d udobnemu kroju primerno za spro\u0161\u010deno no\u0161enje tako znotraj kot zunaj doma.  &nbsp;     udoben kroj    fiksna kapuca s trakovi    rokavi s patentom    zadrga\" \/>\n<meta property=\"og:url\" content=\"https:\/\/www.pancho.si\/en\/product\/oblacilo-za-psa-miki\/\" \/>\n<meta property=\"og:site_name\" content=\"Pancho\" \/>\n<meta property=\"article:publisher\" content=\"https:\/\/www.facebook.com\/Pancho.trgovina\/\" \/>\n<meta property=\"article:modified_time\" content=\"2023-10-13T13:01:52+00:00\" \/>\n<meta property=\"og:image\" content=\"https:\/\/www.pancho.si\/wp-content\/uploads\/2021\/05\/miki-roza.jpg\" \/>\n\t<meta property=\"og:image:width\" content=\"1080\" \/>\n\t<meta property=\"og:image:height\" content=\"1080\" \/>\n\t<meta property=\"og:image:type\" content=\"image\/jpeg\" \/>\n<meta name=\"twitter:card\" content=\"summary_large_image\" \/>\n<meta name=\"twitter:label1\" content=\"Est. reading time\" \/>\n\t<meta name=\"twitter:data1\" content=\"2 minutes\" \/>\n<script type=\"application\/ld+json\" class=\"yoast-schema-graph\">{\"@context\":\"https:\/\/schema.org\",\"@graph\":[{\"@type\":\"WebPage\",\"@id\":\"https:\/\/www.pancho.si\/izdelek\/oblacilo-za-psa-miki\/\",\"url\":\"https:\/\/www.pancho.si\/izdelek\/oblacilo-za-psa-miki\/\",\"name\":\"OBLA\u010cILO ZA PSA MIKI - Pancho\",\"isPartOf\":{\"@id\":\"https:\/\/www.pancho.si\/#website\"},\"datePublished\":\"2021-05-07T10:46:21+00:00\",\"dateModified\":\"2023-10-13T13:01:52+00:00\",\"breadcrumb\":{\"@id\":\"https:\/\/www.pancho.si\/izdelek\/oblacilo-za-psa-miki\/#breadcrumb\"},\"inLanguage\":\"en-US\",\"potentialAction\":[{\"@type\":\"ReadAction\",\"target\":[\"https:\/\/www.pancho.si\/izdelek\/oblacilo-za-psa-miki\/\"]}]},{\"@type\":\"BreadcrumbList\",\"@id\":\"https:\/\/www.pancho.si\/izdelek\/oblacilo-za-psa-miki\/#breadcrumb\",\"itemListElement\":[{\"@type\":\"ListItem\",\"position\":1,\"name\":\"Domov\",\"item\":\"https:\/\/www.pancho.si\/\"},{\"@type\":\"ListItem\",\"position\":2,\"name\":\"Trgovina\",\"item\":\"https:\/\/www.pancho.si\/en\/trgovina-2\/\"},{\"@type\":\"ListItem\",\"position\":3,\"name\":\"OBLA\u010cILO ZA PSA MIKI\"}]},{\"@type\":\"WebSite\",\"@id\":\"https:\/\/www.pancho.si\/#website\",\"url\":\"https:\/\/www.pancho.si\/\",\"name\":\"Pancho\",\"description\":\"Pancho\",\"publisher\":{\"@id\":\"https:\/\/www.pancho.si\/#organization\"},\"potentialAction\":[{\"@type\":\"SearchAction\",\"target\":{\"@type\":\"EntryPoint\",\"urlTemplate\":\"https:\/\/www.pancho.si\/?s={search_term_string}\"},\"query-input\":\"required name=search_term_string\"}],\"inLanguage\":\"en-US\"},{\"@type\":\"Organization\",\"@id\":\"https:\/\/www.pancho.si\/#organization\",\"name\":\"Pancho\",\"url\":\"https:\/\/www.pancho.si\/\",\"logo\":{\"@type\":\"ImageObject\",\"inLanguage\":\"en-US\",\"@id\":\"https:\/\/www.pancho.si\/#\/schema\/logo\/image\/\",\"url\":\"https:\/\/www.pancho.si\/wp-content\/uploads\/2021\/05\/Untitled_design_40_x100.png\",\"contentUrl\":\"https:\/\/www.pancho.si\/wp-content\/uploads\/2021\/05\/Untitled_design_40_x100.png\",\"width\":100,\"height\":100,\"caption\":\"Pancho\"},\"image\":{\"@id\":\"https:\/\/www.pancho.si\/#\/schema\/logo\/image\/\"},\"sameAs\":[\"https:\/\/www.facebook.com\/Pancho.trgovina\/\",\"https:\/\/www.instagram.com\/pancho.si\/\",\"https:\/\/www.pinterest.com\/PanchoSi\/\"]}]}<\/script>\n<!-- \/ Yoast SEO plugin. -->","yoast_head_json":{"title":"OBLA\u010cILO ZA PSA MIKI - Pancho","robots":{"index":"index","follow":"follow","max-snippet":"max-snippet:-1","max-image-preview":"max-image-preview:large","max-video-preview":"max-video-preview:-1"},"canonical":"https:\/\/www.pancho.si\/en\/product\/oblacilo-za-psa-miki\/","og_locale":"en_US","og_type":"article","og_title":"OBLA\u010cILO ZA PSA MIKI - Pancho","og_description":"Enobarvno obla\u010dilo je zahvaljujo\u010d udobnemu kroju primerno za spro\u0161\u010deno no\u0161enje tako znotraj kot zunaj doma.  &nbsp;     udoben kroj    fiksna kapuca s trakovi    rokavi s patentom    zadrga","og_url":"https:\/\/www.pancho.si\/en\/product\/oblacilo-za-psa-miki\/","og_site_name":"Pancho","article_publisher":"https:\/\/www.facebook.com\/Pancho.trgovina\/","article_modified_time":"2023-10-13T13:01:52+00:00","og_image":[{"width":1080,"height":1080,"url":"https:\/\/www.pancho.si\/wp-content\/uploads\/2021\/05\/miki-roza.jpg","type":"image\/jpeg"}],"twitter_card":"summary_large_image","twitter_misc":{"Est. reading time":"2 minutes"},"schema":{"@context":"https:\/\/schema.org","@graph":[{"@type":"WebPage","@id":"https:\/\/www.pancho.si\/izdelek\/oblacilo-za-psa-miki\/","url":"https:\/\/www.pancho.si\/izdelek\/oblacilo-za-psa-miki\/","name":"OBLA\u010cILO ZA PSA MIKI - Pancho","isPartOf":{"@id":"https:\/\/www.pancho.si\/#website"},"datePublished":"2021-05-07T10:46:21+00:00","dateModified":"2023-10-13T13:01:52+00:00","breadcrumb":{"@id":"https:\/\/www.pancho.si\/izdelek\/oblacilo-za-psa-miki\/#breadcrumb"},"inLanguage":"en-US","potentialAction":[{"@type":"ReadAction","target":["https:\/\/www.pancho.si\/izdelek\/oblacilo-za-psa-miki\/"]}]},{"@type":"BreadcrumbList","@id":"https:\/\/www.pancho.si\/izdelek\/oblacilo-za-psa-miki\/#breadcrumb","itemListElement":[{"@type":"ListItem","position":1,"name":"Domov","item":"https:\/\/www.pancho.si\/"},{"@type":"ListItem","position":2,"name":"Trgovina","item":"https:\/\/www.pancho.si\/en\/trgovina-2\/"},{"@type":"ListItem","position":3,"name":"OBLA\u010cILO ZA PSA MIKI"}]},{"@type":"WebSite","@id":"https:\/\/www.pancho.si\/#website","url":"https:\/\/www.pancho.si\/","name":"Pancho","description":"Pancho","publisher":{"@id":"https:\/\/www.pancho.si\/#organization"},"potentialAction":[{"@type":"SearchAction","target":{"@type":"EntryPoint","urlTemplate":"https:\/\/www.pancho.si\/?s={search_term_string}"},"query-input":"required name=search_term_string"}],"inLanguage":"en-US"},{"@type":"Organization","@id":"https:\/\/www.pancho.si\/#organization","name":"Pancho","url":"https:\/\/www.pancho.si\/","logo":{"@type":"ImageObject","inLanguage":"en-US","@id":"https:\/\/www.pancho.si\/#\/schema\/logo\/image\/","url":"https:\/\/www.pancho.si\/wp-content\/uploads\/2021\/05\/Untitled_design_40_x100.png","contentUrl":"https:\/\/www.pancho.si\/wp-content\/uploads\/2021\/05\/Untitled_design_40_x100.png","width":100,"height":100,"caption":"Pancho"},"image":{"@id":"https:\/\/www.pancho.si\/#\/schema\/logo\/image\/"},"sameAs":["https:\/\/www.facebook.com\/Pancho.trgovina\/","https:\/\/www.instagram.com\/pancho.si\/","https:\/\/www.pinterest.com\/PanchoSi\/"]}]}},"_links":{"self":[{"href":"https:\/\/www.pancho.si\/en\/wp-json\/wp\/v2\/product\/918","targetHints":{"allow":["GET"]}}],"collection":[{"href":"https:\/\/www.pancho.si\/en\/wp-json\/wp\/v2\/product"}],"about":[{"href":"https:\/\/www.pancho.si\/en\/wp-json\/wp\/v2\/types\/product"}],"replies":[{"embeddable":true,"href":"https:\/\/www.pancho.si\/en\/wp-json\/wp\/v2\/comments?post=918"}],"version-history":[{"count":4,"href":"https:\/\/www.pancho.si\/en\/wp-json\/wp\/v2\/product\/918\/revisions"}],"predecessor-version":[{"id":46680,"href":"https:\/\/www.pancho.si\/en\/wp-json\/wp\/v2\/product\/918\/revisions\/46680"}],"wp:featuredmedia":[{"embeddable":true,"href":"https:\/\/www.pancho.si\/en\/wp-json\/wp\/v2\/media\/1116"}],"wp:attachment":[{"href":"https:\/\/www.pancho.si\/en\/wp-json\/wp\/v2\/media?parent=918"}],"wp:term":[{"taxonomy":"product_cat","embeddable":true,"href":"https:\/\/www.pancho.si\/en\/wp-json\/wp\/v2\/product_cat?post=918"},{"taxonomy":"product_tag","embeddable":true,"href":"https:\/\/www.pancho.si\/en\/wp-json\/wp\/v2\/product_tag?post=918"}],"curies":[{"name":"wp","href":"https:\/\/api.w.org\/{rel}","templated":true}]}}